{"id":17,"date":"2014-09-22T16:45:49","date_gmt":"2014-09-22T14:45:49","guid":{"rendered":"http:\/\/e-f-j.eu\/?page_id=17"},"modified":"2019-07-12T13:20:22","modified_gmt":"2019-07-12T13:20:22","slug":"contact-us","status":"publish","type":"page","link":"https:\/\/europeanjournalists.org\/de\/contact-us\/","title":{"rendered":"Kontakt"},"content":{"rendered":"<h3><strong>Noch Fragen?<\/strong><\/h3>\n<p>Unser <a href=\"https:\/\/europeanjournalists.org\/de\/about-efj\/ourstaff\/\">Sekretariat<\/a> ist gerne Montag bis Freitag 9 &#8211; 17 Uhr f\u00fcr Sie erreichbar.<\/p>\n<p><strong>Postanschrift:<\/strong><\/p>\n<p><strong>European Federation of Journalists<\/strong><br \/>\nF\u00e9d\u00e9ration europ\u00e9enne des journalistes<br \/>\nRue de la Loi \u2013 Wetstraat 155<br \/>\n1040 Brussels \/ Belgium<\/p>\n<p>Das B\u00fcro befindet sich im 2. Stock des Residence Palastes.<\/p>\n<p><strong>Telefon:<\/strong> +32 2 235 22 00<br \/>\n<strong>Fax:<\/strong> +32 2 235 22 19<\/p>\n<p><strong>E-mail:<\/strong> secretariat@europeanjournalists.org<\/p>\n<p><strong>IBAN:<\/strong> BE60 3631 1741 1870<br \/>\n<strong>BIC:<\/strong> BBRUBEBB<\/p>\n<p>International non-profit association (aisbl) number : 0503.985.472<br \/>\nEU Transparency Register Number : 27471236588-39<\/p>\n<p>&nbsp;<\/p>\n<h3><b>Kontakt<\/b><\/h3>\n\n<div class=\"wpcf7 no-js\" id=\"wpcf7-f2561-o1\" lang=\"de-DE\" dir=\"ltr\" data-wpcf7-id=\"2561\">\n<div class=\"screen-reader-response\"><p role=\"status\" aria-live=\"polite\" aria-atomic=\"true\"><\/p> <ul><\/ul><\/div>\n<form action=\"\/de\/wp-json\/wp\/v2\/pages\/17#wpcf7-f2561-o1\" method=\"post\" class=\"wpcf7-form init\" aria-label=\"Kontaktformular\" novalidate=\"novalidate\" data-status=\"init\">\n<fieldset class=\"hidden-fields-container\"><input type=\"hidden\" name=\"_wpcf7\" value=\"2561\" \/><input type=\"hidden\" name=\"_wpcf7_version\" value=\"6.1.5\" \/><input type=\"hidden\" name=\"_wpcf7_locale\" value=\"de_DE\" \/><input type=\"hidden\" name=\"_wpcf7_unit_tag\" value=\"wpcf7-f2561-o1\" \/><input type=\"hidden\" name=\"_wpcf7_container_post\" value=\"0\" \/><input type=\"hidden\" name=\"_wpcf7_posted_data_hash\" value=\"\" \/>\n<\/fieldset>\n<p><label> Name (Pflichtfeld)<br \/>\n<span class=\"wpcf7-form-control-wrap\" data-name=\"your-name\"><input size=\"40\" maxlength=\"400\" class=\"wpcf7-form-control wpcf7-text wpcf7-validates-as-required\" aria-required=\"true\" aria-invalid=\"false\" value=\"\" type=\"text\" name=\"your-name\" \/><\/span> <\/label>\n<\/p>\n<p><label> E-Mail-Adresse (Pflichtfeld)<br \/>\n<span class=\"wpcf7-form-control-wrap\" data-name=\"your-email\"><input size=\"40\" maxlength=\"400\" class=\"wpcf7-form-control wpcf7-email wpcf7-validates-as-required wpcf7-text wpcf7-validates-as-email\" aria-required=\"true\" aria-invalid=\"false\" value=\"\" type=\"email\" name=\"your-email\" \/><\/span> <\/label>\n<\/p>\n<p><label> Betreff<br \/>\n<span class=\"wpcf7-form-control-wrap\" data-name=\"your-subject\"><input size=\"40\" maxlength=\"400\" class=\"wpcf7-form-control wpcf7-text\" aria-invalid=\"false\" value=\"\" type=\"text\" name=\"your-subject\" \/><\/span> <\/label>\n<\/p>\n<p><label> Nachricht<br \/>\n<span class=\"wpcf7-form-control-wrap\" data-name=\"your-message\"><textarea cols=\"40\" rows=\"10\" maxlength=\"2000\" class=\"wpcf7-form-control wpcf7-textarea\" aria-invalid=\"false\" name=\"your-message\"><\/textarea><\/span> <\/label>\n<\/p>\n<p><span class=\"wpcf7-form-control-wrap\" data-name=\"quiz-120\"><label><span class=\"wpcf7-quiz-label\">Die Hauptstadt von Deutschland?<\/span> <input size=\"40\" class=\"wpcf7-form-control wpcf7-quiz\" autocomplete=\"off\" aria-required=\"true\" aria-invalid=\"false\" type=\"text\" name=\"quiz-120\" \/><\/label><input type=\"hidden\" name=\"_wpcf7_quiz_answer_quiz-120\" value=\"259ccb3fb83187c024e3e80be5f3f8e9\" \/><\/span>\n<\/p>\n<p><input class=\"wpcf7-form-control wpcf7-submit has-spinner\" type=\"submit\" value=\"Senden\" \/>\n<\/p><div class=\"wpcf7-response-output\" aria-hidden=\"true\"><\/div>\n<\/form>\n<\/div>\n\n","protected":false},"excerpt":{"rendered":"<p>Noch Fragen? Unser Sekretariat ist gerne Montag bis Freitag 9 &#8211; 17 Uhr f\u00fcr Sie erreichbar. Postanschrift: European Federation of Journalists F\u00e9d\u00e9ration europ\u00e9enne des journalistes Rue de la Loi \u2013 Wetstraat 155 1040 Brussels \/ Belgium Das B\u00fcro befindet sich im 2. Stock des Residence Palastes. Telefon: +32 2 235 22 00 Fax: +32 2 235 22 19 E-mail: secretariat@europeanjournalists.org IBAN: BE60 3631 1741 1870 BIC: BBRUBEBB International non-profit association (aisbl) number : 0503.985.472 EU Transparency Register Number : 27471236588-39 &nbsp; Kontakt<\/p>\n","protected":false},"author":1,"featured_media":0,"parent":0,"menu_order":12,"comment_status":"open","ping_status":"closed","template":"","meta":{"footnotes":""},"class_list":["post-17","page","type-page","status-publish","hentry"],"_links":{"self":[{"href":"https:\/\/europeanjournalists.org\/de\/wp-json\/wp\/v2\/pages\/17","targetHints":{"allow":["GET"]}}],"collection":[{"href":"https:\/\/europeanjournalists.org\/de\/wp-json\/wp\/v2\/pages"}],"about":[{"href":"https:\/\/europeanjournalists.org\/de\/wp-json\/wp\/v2\/types\/page"}],"author":[{"embeddable":true,"href":"https:\/\/europeanjournalists.org\/de\/wp-json\/wp\/v2\/users\/1"}],"replies":[{"embeddable":true,"href":"https:\/\/europeanjournalists.org\/de\/wp-json\/wp\/v2\/comments?post=17"}],"version-history":[{"count":11,"href":"https:\/\/europeanjournalists.org\/de\/wp-json\/wp\/v2\/pages\/17\/revisions"}],"predecessor-version":[{"id":2562,"href":"https:\/\/europeanjournalists.org\/de\/wp-json\/wp\/v2\/pages\/17\/revisions\/2562"}],"wp:attachment":[{"href":"https:\/\/europeanjournalists.org\/de\/wp-json\/wp\/v2\/media?parent=17"}],"curies":[{"name":"wp","href":"https:\/\/api.w.org\/{rel}","templated":true}]}}