{"id":2079,"date":"2015-07-15T13:16:45","date_gmt":"2015-07-15T13:16:45","guid":{"rendered":"http:\/\/europeanjournalists.org\/de\/?page_id=2079"},"modified":"2019-07-03T07:52:24","modified_gmt":"2019-07-03T07:52:24","slug":"praktikum-bei-der-ejf","status":"publish","type":"page","link":"https:\/\/europeanjournalists.org\/de\/about-efj\/praktikum-bei-der-ejf\/","title":{"rendered":"Praktikum bei der EJF"},"content":{"rendered":"<h3><img loading=\"lazy\" decoding=\"async\" class=\"alignleft\" src=\"http:\/\/europeanjournalists.org\/wp-content\/uploads\/2015\/07\/jobs-efj.jpg\" alt=\"\" width=\"225\" height=\"187\" \/>Europas gr\u00f6\u00dfte Journalistenorganisation sucht regelm\u00e4\u00dfig PraktikantInnen!<\/h3>\n<p>Die EFJ besch\u00e4ftigt Praktikantinnen und Praktikanten f\u00fcr <strong>2<\/strong> bis <strong>4<\/strong> Monate. Der Arbeitsplatz befindet sich im Hauptsitz der EFJ und IFJ in Br\u00fcssel.<\/p>\n<p>Wir freuen uns \u00fcber Ihr Anschreiben, diesem sollte ein Lebenslauf sowie ein Motivationsschreiben beigef\u00fcgt sein. Die Bewerbung verl\u00e4uft ausschlie\u00dflich per Email via <a href=\"http:\/\/europeanjournalists.org\/contact-us\/\">http:\/\/europeanjournalists.org\/contact-us\/<\/a><\/p>\n<h3>Anschlie\u00dfende Fertigkeiten der BewerberInnen werden von uns gesch\u00e4tzt:<\/h3>\n<p>\u2022 Fl\u00fcssiges Englisch und \/ oder Franz\u00e4sisch f\u00fcr s\u00e4mtliche Kommunikationen, Deutsch oder andere europ\u00e4ische Sprachen sind als kleiner Zusatz herzlich willkommen<\/p>\n<p>\u2022 Erfahrungen im organisatorischen Bereich, beispielsweise bei der Planung von Konfernzen und anderen internen Veranstaltungen<\/p>\n<p>\u2022 Vorwissen oder praktische Erfahrung im Bereich des Journalismus und \/ oder europ\u00e4ischer Institutionen<\/p>\n<p>\u2022 Flexibilit\u00e4t, Unabh\u00e4ngigkeit und Eigeninitiative<\/p>\n<p>\u2022 F\u00e4higkeiten im IT-Bereich, dem Umgang mit CMS, blogging, Kenntnisse im Social-Media-Bereich<\/p>\n<h3>Die Aufgaben der PraktikantInnen umfassen folgende Punkte:<\/h3>\n<p>\u2022 Entw\u00fcrfe von Presseberichten und Texten f\u00fcr unsere Website<\/p>\n<p>\u2022 \u00dcbersetzungen von kurzen Mitteilungen f\u00fcr die Website<\/p>\n<p>\u2022 Mithilfe bei der Gestaltung unseres Internetauftrittes \/ Social Media<\/p>\n<p>\u2022 Administrative Hilfe bei der Planung von internationalen Veranstaltungen<\/p>\n<p>\u2022 Monitoring der EU-Politik im Medienbereich<\/p>\n<h3>Wir bieten unseren PraktikantInnen:<\/h3>\n<p>\u2022 Monatliche Pauschalzahlungen von 500 Euro<\/p>\n<p>\u2022 Erfahrungen im Projektmanagement auf europ\u00e4ischer und internationaler Ebene<\/p>\n<p>\u2022 Kenntnisse im online Management \/ PR<\/p>\n<p>\u2022 Umfassende Informationen zur Situation der Pressefreiheit sowie die der Arbeitnehmerrechte in Europa<\/p>\n<p>\u2022 Arbeit in einem multikulturellen Umfeld<\/p>\n<p>Wir sind ein kleines, multinationales Team, unser B\u00fcro liegt im Zentrum der europ\u00e4ischen Institutionen in Br\u00fcssel im Residence Palace. Bei uns herrscht stets ein gutes Arbeitsklima.<\/p>\n<p>Alle weiteren Informationen finden Sie auf unserer Kontak-Seite unter: <a href=\"http:\/\/europeanjournalists.org\/contact-us\/\">http:\/\/europeanjournalists.org\/contact-us\/<\/a><\/p>\n","protected":false},"excerpt":{"rendered":"<p>Europas gr\u00f6\u00dfte Journalistenorganisation sucht regelm\u00e4\u00dfig PraktikantInnen! Die EFJ besch\u00e4ftigt Praktikantinnen und Praktikanten f\u00fcr 2 bis 4 Monate. Der Arbeitsplatz befindet sich im Hauptsitz der EFJ und IFJ in Br\u00fcssel. Wir freuen uns \u00fcber Ihr Anschreiben, diesem sollte ein Lebenslauf sowie ein Motivationsschreiben beigef\u00fcgt sein. Die Bewerbung verl\u00e4uft ausschlie\u00dflich per Email via http:\/\/europeanjournalists.org\/contact-us\/ Anschlie\u00dfende Fertigkeiten der BewerberInnen werden von uns gesch\u00e4tzt: \u2022 Fl\u00fcssiges Englisch und \/ oder Franz\u00e4sisch f\u00fcr s\u00e4mtliche Kommunikationen, Deutsch oder andere europ\u00e4ische Sprachen sind als kleiner Zusatz herzlich willkommen \u2022 Erfahrungen im organisatorischen Bereich, beispielsweise bei der Planung von Konfernzen und anderen internen Veranstaltungen \u2022 Vorwissen oder praktische&hellip;<\/p>\n","protected":false},"author":1,"featured_media":0,"parent":8,"menu_order":10,"comment_status":"closed","ping_status":"closed","template":"","meta":{"footnotes":""},"class_list":["post-2079","page","type-page","status-publish","hentry"],"_links":{"self":[{"href":"https:\/\/europeanjournalists.org\/de\/wp-json\/wp\/v2\/pages\/2079","targetHints":{"allow":["GET"]}}],"collection":[{"href":"https:\/\/europeanjournalists.org\/de\/wp-json\/wp\/v2\/pages"}],"about":[{"href":"https:\/\/europeanjournalists.org\/de\/wp-json\/wp\/v2\/types\/page"}],"author":[{"embeddable":true,"href":"https:\/\/europeanjournalists.org\/de\/wp-json\/wp\/v2\/users\/1"}],"replies":[{"embeddable":true,"href":"https:\/\/europeanjournalists.org\/de\/wp-json\/wp\/v2\/comments?post=2079"}],"version-history":[{"count":9,"href":"https:\/\/europeanjournalists.org\/de\/wp-json\/wp\/v2\/pages\/2079\/revisions"}],"predecessor-version":[{"id":2544,"href":"https:\/\/europeanjournalists.org\/de\/wp-json\/wp\/v2\/pages\/2079\/revisions\/2544"}],"up":[{"embeddable":true,"href":"https:\/\/europeanjournalists.org\/de\/wp-json\/wp\/v2\/pages\/8"}],"wp:attachment":[{"href":"https:\/\/europeanjournalists.org\/de\/wp-json\/wp\/v2\/media?parent=2079"}],"curies":[{"name":"wp","href":"https:\/\/api.w.org\/{rel}","templated":true}]}}