{"id":2377,"date":"2018-04-13T08:22:50","date_gmt":"2018-04-13T08:22:50","guid":{"rendered":"http:\/\/europeanjournalists.org\/de\/?page_id=2377"},"modified":"2018-04-13T08:30:58","modified_gmt":"2018-04-13T08:30:58","slug":"den-menschenrechtsbasierten-journalismus-der-tuerkei-bereit-fuer-das-digitale-zeitalter-machen","status":"publish","type":"page","link":"https:\/\/europeanjournalists.org\/de\/projects\/den-menschenrechtsbasierten-journalismus-der-tuerkei-bereit-fuer-das-digitale-zeitalter-machen\/","title":{"rendered":"Den menschenrechtsbasierten Journalismus der T\u00fcrkei bereit f\u00fcr das digitale Zeitalter machen"},"content":{"rendered":"<p><a href=\"http:\/\/europeanjournalists.org\/projects\/organising-turkeys-human-rights-based-journalism-fit-for-the-digital-age\/\">EN<\/a><\/p>\n<p>#TurkeyOrganisingHRJournalism<\/p>\n<p>F\u00fchrung: Internationale Journalisten F\u00f6deration (IJF)<\/p>\n<p>Mitbewerber: Europ\u00e4ische Journalisten F\u00f6deration (EJF) und T\u00fcrkische Journalisten Union (TGS)<\/p>\n<p>Standort des Projekts: T\u00fcrkei<\/p>\n<p>Laufzeit: 36 Monate<\/p>\n<p>Das Ziel des Projekts ist es, durch die Verbesserung der Funktion von Journalisten Demokratie und gute Regierungsf\u00fchrung zu unterst\u00fctzen, sowie durch das Recht der \u00d6ffentlichkeit zu Zugangsinformationen,\u00a0grundlegende Rechte zu f\u00f6rdern und sch\u00fctzen.<\/p>\n<p>Die konkreten Ziele sind:<\/p>\n<ul>\n<li>Arbeitsbedingungen durch erh\u00f6htes \u00f6ffentliches Bewusstsein f\u00fcr Sozial- und Arbeitsrechte unter Journalisten und Medienangestellten verbessern<\/li>\n<li>Solidarit\u00e4t f\u00fcr Journalisten bereitstellen, die vom politischen Coup betroffen sind, aufgrund ihrer Arbeit verfolgt wurden und nun strafrechtlich verfolgt werden, sowie jene die arbeitslos durch die Schlie\u00dfung von Medien wurden<\/li>\n<li>Journalisten in Menschenrechten und professionellem Journalismus f\u00fcr digitale Medien ausbilden, um der postfaktischen Wahrheitskultur entgegenzuwirken<\/li>\n<\/ul>\n<p>Die Zielgruppe sind Journalisten und Medienangestellte, die nicht gewerkschaftlich organisiert sind, strafrechtlich verfolgte und entlassene Journalisten in Folge des nationalen Ausnahmezustandes, Journalisten in der Mitte ihrer beruflichen Laufbahn, die sich den neuen Online Arbeitspraktiken anpassen m\u00fcssen, sowie digitale Start-up Unternehmer.<\/p>\n<p>Aktivit\u00e4ten:<\/p>\n<ul>\n<li>Arbeitspaket 1: Sozial- und Arbeitskampagnen in 20 Regionen in der T\u00fcrkei<\/li>\n<li>Arbeitspaket 2: Solidarit\u00e4tsfond f\u00fcr Journalisten in Not, einschlie\u00dflich juristischer und humanit\u00e4rer Unterst\u00fctzung f\u00fcr Familien von betroffenen Journalisten<\/li>\n<li>Arbeitspaket 3: Die Ausbildung von Trainern f\u00fcr Ausbilder an Journalismusakademien<\/li>\n<li>Arbeitspaket 4: Ausbildungsprogramm der TGS Akademie f\u00fcr Journalisten mit notwendigen Kompetenzen f\u00fcr eine digitale Medienlandschaft<\/li>\n<li>Arbeitspaket 5: finanzielle F\u00f6rderung f\u00fcr digitale Medien Start-ups durch ein Subventionsprogramm<\/li>\n<\/ul>\n<p>&nbsp;<\/p>\n<p>&nbsp;<\/p>\n<p><em>F\u00f6rderung<\/em><\/p>\n<p><img loading=\"lazy\" decoding=\"async\" class=\"size-full alignleft\" src=\"https:\/\/upload.wikimedia.org\/wikipedia\/commons\/thumb\/b\/b7\/Flag_of_Europe.svg\/200px-Flag_of_Europe.svg.png\" width=\"200\" height=\"133\" \/><em>Dieses Projekt erh\u00e4lt die finanzielle F\u00f6rderung des European Instrument for Democracy and Human Rights (EIDHR) Programms, das von der Europ\u00e4ischen Kommission verwaltet wird. Jegliche Verantwortung bez\u00fcglich der Inhalte und Aktivit\u00e4ten wird von den Autoren \u00fcbernommen und sollte nicht als Vertretung der Ansichten der Europ\u00e4ischen Union angesehen werden.<\/em><\/p>\n","protected":false},"excerpt":{"rendered":"<p>EN #TurkeyOrganisingHRJournalism F\u00fchrung: Internationale Journalisten F\u00f6deration (IJF) Mitbewerber: Europ\u00e4ische Journalisten F\u00f6deration (EJF) und T\u00fcrkische Journalisten Union (TGS) Standort des Projekts: T\u00fcrkei Laufzeit: 36 Monate Das Ziel des Projekts ist es, durch die Verbesserung der Funktion von Journalisten Demokratie und gute Regierungsf\u00fchrung zu unterst\u00fctzen, sowie durch das Recht der \u00d6ffentlichkeit zu Zugangsinformationen,\u00a0grundlegende Rechte zu f\u00f6rdern und sch\u00fctzen. Die konkreten Ziele sind: Arbeitsbedingungen durch erh\u00f6htes \u00f6ffentliches Bewusstsein f\u00fcr Sozial- und Arbeitsrechte unter Journalisten und Medienangestellten verbessern Solidarit\u00e4t f\u00fcr Journalisten bereitstellen, die vom politischen Coup betroffen sind, aufgrund ihrer Arbeit verfolgt wurden und nun strafrechtlich verfolgt werden, sowie jene die arbeitslos durch die&hellip;<\/p>\n","protected":false},"author":3,"featured_media":0,"parent":1712,"menu_order":0,"comment_status":"closed","ping_status":"closed","template":"","meta":{"footnotes":""},"class_list":["post-2377","page","type-page","status-publish","hentry"],"_links":{"self":[{"href":"https:\/\/europeanjournalists.org\/de\/wp-json\/wp\/v2\/pages\/2377","targetHints":{"allow":["GET"]}}],"collection":[{"href":"https:\/\/europeanjournalists.org\/de\/wp-json\/wp\/v2\/pages"}],"about":[{"href":"https:\/\/europeanjournalists.org\/de\/wp-json\/wp\/v2\/types\/page"}],"author":[{"embeddable":true,"href":"https:\/\/europeanjournalists.org\/de\/wp-json\/wp\/v2\/users\/3"}],"replies":[{"embeddable":true,"href":"https:\/\/europeanjournalists.org\/de\/wp-json\/wp\/v2\/comments?post=2377"}],"version-history":[{"count":10,"href":"https:\/\/europeanjournalists.org\/de\/wp-json\/wp\/v2\/pages\/2377\/revisions"}],"predecessor-version":[{"id":2389,"href":"https:\/\/europeanjournalists.org\/de\/wp-json\/wp\/v2\/pages\/2377\/revisions\/2389"}],"up":[{"embeddable":true,"href":"https:\/\/europeanjournalists.org\/de\/wp-json\/wp\/v2\/pages\/1712"}],"wp:attachment":[{"href":"https:\/\/europeanjournalists.org\/de\/wp-json\/wp\/v2\/media?parent=2377"}],"curies":[{"name":"wp","href":"https:\/\/api.w.org\/{rel}","templated":true}]}}