{"id":71,"date":"2014-09-23T14:39:36","date_gmt":"2014-09-23T12:39:36","guid":{"rendered":"http:\/\/e-f-j.eu\/?page_id=71"},"modified":"2019-07-03T08:18:33","modified_gmt":"2019-07-03T08:18:33","slug":"steering-committee-2","status":"publish","type":"page","link":"https:\/\/europeanjournalists.org\/de\/about-efj\/steering-committee-2\/","title":{"rendered":"Vorstand"},"content":{"rendered":"<h4><em>Gew\u00e4hlt auf der Hauptversammlung in Tallinn (ESTLAND) <\/em><em>im Mai 2019:<\/em><\/h4>\n<p>&nbsp;<\/p>\n<table>\n<tbody>\n<tr>\n<td width=\"382\"><strong>PR\u00c4SIDENT<\/strong><\/td>\n<td width=\"382\"><\/td>\n<\/tr>\n<tr>\n<td width=\"382\"><strong><a href=\"https:\/\/europeanjournalists.org\/wp-content\/uploads\/2019\/04\/Mogens-Blicher-Bjerreg\u00e5rd.jpg\"><img loading=\"lazy\" decoding=\"async\" class=\"wp-image-23671 size-full alignleft\" src=\"https:\/\/europeanjournalists.org\/wp-content\/uploads\/2019\/04\/Mogens-Blicher-Bjerreg\u00e5rd.jpg\" alt=\"\" width=\"139\" height=\"210\" \/><\/a> <\/strong><\/td>\n<td width=\"382\"><strong>Mogens BLICHER BJERREG\u00c5RD<\/strong><\/p>\n<p><a href=\"http:\/\/europeanjournalists.org\/blog\/2014\/01\/14\/denmark\/\">Danish Journalists&#8216; Union<\/a> (DJ), D\u00e4ndemark<\/p>\n<p><a class=\"ProfileHeaderCard-screennameLink u-linkComplex js-nav\" href=\"https:\/\/twitter.com\/mogensbb\">@<span class=\"u-linkComplex-target\">mogensbb<\/span><\/a><\/td>\n<\/tr>\n<tr>\n<td width=\"382\">&nbsp;<\/p>\n<p><strong>VIZE-PR\u00c4SIDENTIN<\/strong><\/td>\n<td width=\"382\"><\/td>\n<\/tr>\n<tr>\n<td width=\"382\"><a href=\"https:\/\/europeanjournalists.org\/wp-content\/uploads\/2019\/05\/Marta-Barcellina.jpg\"><img loading=\"lazy\" decoding=\"async\" class=\"wp-image-23720 alignleft\" src=\"https:\/\/europeanjournalists.org\/wp-content\/uploads\/2019\/05\/Marta-Barcellina-683x1024.jpg\" alt=\"\" width=\"141\" height=\"212\" \/><\/a><\/td>\n<td width=\"382\"><strong>Marta BARCENILLA<br \/>\n<\/strong>FSC-CCOO, Spanien<\/p>\n<p><a href=\"https:\/\/twitter.com\/martabarce\" target=\"_blank\" rel=\"noopener noreferrer\">https:\/\/twitter.com\/martabarce<\/a><\/p>\n<p>&nbsp;<\/td>\n<\/tr>\n<\/tbody>\n<\/table>\n<h3><strong>Mitglieder des Vorstands<br \/>\n<\/strong><\/h3>\n<table>\n<tbody>\n<tr>\n<td width=\"382\"><strong><a href=\"http:\/\/europeanjournalists.org\/wp-content\/uploads\/2016\/04\/marijana-1-1.jpg\" rel=\"attachment wp-att-8832\"><img loading=\"lazy\" decoding=\"async\" class=\" wp-image-8832 alignleft\" src=\"http:\/\/europeanjournalists.org\/wp-content\/uploads\/2016\/04\/marijana-1-300x225.jpg\" alt=\"marijana\" width=\"223\" height=\"167\" \/><\/a><\/strong><\/td>\n<td width=\"382\"><strong>Marijana CAMOVIC<\/strong><\/p>\n<p><a href=\"http:\/\/europeanjournalists.org\/blog\/2014\/01\/14\/montenegro\/\">Trade Union of Media of Montenegro<\/a> (TUMM), Montenegro<\/p>\n<p><a class=\"ProfileHeaderCard-screennameLink u-linkComplex js-nav\" href=\"https:\/\/twitter.com\/Marijana_C_\">@<span class=\"u-linkComplex-target\">Marijana_C_<\/span><\/a><\/td>\n<\/tr>\n<\/tbody>\n<\/table>\n<table>\n<tbody>\n<tr>\n<td width=\"382\"><strong><a href=\"http:\/\/europeanjournalists.org\/wp-content\/uploads\/2016\/04\/annafoto-e1460554353646-1.jpg\" rel=\"attachment wp-att-8844\"><img loading=\"lazy\" decoding=\"async\" class=\" wp-image-8844 alignleft\" src=\"http:\/\/europeanjournalists.org\/wp-content\/uploads\/2016\/04\/annafoto-279x300.jpg\" alt=\"annafoto\" width=\"187\" height=\"202\" \/><\/a><\/strong><\/td>\n<td width=\"382\"><strong>Anna DEL FREO<\/strong><\/p>\n<p><a href=\"http:\/\/europeanjournalists.org\/blog\/2014\/01\/14\/italy\/\">Italian National Press Federation<\/a> (FNSI), Italien<\/p>\n<p><a class=\"ProfileHeaderCard-screennameLink u-linkComplex js-nav\" href=\"https:\/\/twitter.com\/FnsiSocial\">@<span class=\"u-linkComplex-target\">FnsiSocial<\/span><\/a><\/td>\n<\/tr>\n<tr>\n<td width=\"382\"><strong><a href=\"https:\/\/europeanjournalists.org\/wp-content\/uploads\/2019\/04\/Yannis-Kotsifos-Portrait.jpg\"><img loading=\"lazy\" decoding=\"async\" class=\"wp-image-23672 alignleft\" src=\"https:\/\/europeanjournalists.org\/wp-content\/uploads\/2019\/04\/Yannis-Kotsifos-Portrait-735x1024.jpg\" alt=\"\" width=\"143\" height=\"199\" \/><\/a> <\/strong><\/td>\n<td width=\"382\"><strong>Yannis KOTSIFOS<\/strong><\/p>\n<p><a href=\"http:\/\/europeanjournalists.org\/blog\/2014\/01\/14\/greece\/\">Journalists&#8216; Union of Macedonia and Thrace Daily Newspapers<\/a> (ESIEMTH), Griechenland<\/p>\n<p><a class=\"ProfileHeaderCard-screennameLink u-linkComplex js-nav\" href=\"https:\/\/twitter.com\/YannisKotsifos\">@<span class=\"u-linkComplex-target\">YannisKotsifos<\/span><\/a><\/td>\n<\/tr>\n<\/tbody>\n<\/table>\n<table>\n<tbody>\n<tr>\n<td width=\"382\"><strong><a href=\"https:\/\/europeanjournalists.org\/wp-content\/uploads\/2019\/04\/Mustafa-Kuleli.jpg\"><img loading=\"lazy\" decoding=\"async\" class=\"wp-image-23674 alignleft\" src=\"https:\/\/europeanjournalists.org\/wp-content\/uploads\/2019\/04\/Mustafa-Kuleli.jpg\" alt=\"\" width=\"167\" height=\"165\" \/><\/a><\/strong><\/td>\n<td width=\"382\"><strong>Mustafa KULELI<br \/>\n<\/strong>TGS, Turkei<\/p>\n<p>@<span class=\"timeline-Header-byline\" data-scribe=\"element:byline\"><a class=\"customisable-highlight\" title=\"\u200e@MKuleli on Twitter\" href=\"https:\/\/twitter.com\/MKuleli\">MKuleli<\/a><\/span><\/td>\n<\/tr>\n<\/tbody>\n<\/table>\n<table>\n<tbody>\n<tr>\n<td width=\"382\"><strong><a href=\"https:\/\/europeanjournalists.org\/wp-content\/uploads\/2019\/04\/Kreibich.jpg\"><img loading=\"lazy\" decoding=\"async\" class=\"wp-image-23629 alignleft\" src=\"https:\/\/europeanjournalists.org\/wp-content\/uploads\/2019\/04\/Kreibich-753x1024.jpg\" alt=\"\" width=\"166\" height=\"226\" \/><\/a><\/strong><\/td>\n<td width=\"382\"><strong>Joachim KREIBICH<\/strong><\/p>\n<p>DJU in VER.DI, Deutschland<\/td>\n<\/tr>\n<\/tbody>\n<\/table>\n<table>\n<tbody>\n<tr>\n<td width=\"382\"><a href=\"https:\/\/europeanjournalists.org\/wp-content\/uploads\/2019\/05\/Martine-Simonis-croped.jpg\"><img loading=\"lazy\" decoding=\"async\" class=\" wp-image-23680\" src=\"https:\/\/europeanjournalists.org\/wp-content\/uploads\/2019\/05\/Martine-Simonis-croped-1024x643.jpg\" alt=\"\" width=\"199\" height=\"125\" \/><\/a><\/p>\n<p>&nbsp;<\/td>\n<td width=\"382\"><strong>Martine SIMONIS<\/strong><\/p>\n<p>AGJPB, Belgien<\/p>\n<p>@SimonisMartine<\/td>\n<\/tr>\n<tr>\n<td width=\"382\"><strong><a href=\"https:\/\/europeanjournalists.org\/wp-content\/uploads\/2019\/05\/Tomilenko-Sergiy-cropped.jpg\"><img loading=\"lazy\" decoding=\"async\" class=\"wp-image-23681 alignleft\" src=\"https:\/\/europeanjournalists.org\/wp-content\/uploads\/2019\/05\/Tomilenko-Sergiy-cropped-1024x882.jpg\" alt=\"\" width=\"195\" height=\"168\" \/><\/a> <\/strong><\/td>\n<td width=\"382\"><strong>Sergiy TOMILENKO<\/strong><\/p>\n<p>NUJU, Ukraine<\/p>\n<p>@Stommedia<\/td>\n<\/tr>\n<\/tbody>\n<\/table>\n<p class=\"bodytext\"><strong>StellvertreterInnen<\/strong><\/p>\n<p>Andrea Roth, DJV, Deutschland<br \/>\nSofia Branco, SinJor, Portugal<br \/>\nJuha Rekola, UJF, Finnland<br \/>\nJohn Barsby, NUJ, United Kingdom<\/p>\n","protected":false},"excerpt":{"rendered":"<p>Gew\u00e4hlt auf der Hauptversammlung in Tallinn (ESTLAND) im Mai 2019: &nbsp; PR\u00c4SIDENT Mogens BLICHER BJERREG\u00c5RD Danish Journalists&#8216; Union (DJ), D\u00e4ndemark @mogensbb &nbsp; VIZE-PR\u00c4SIDENTIN Marta BARCENILLA FSC-CCOO, Spanien https:\/\/twitter.com\/martabarce &nbsp; Mitglieder des Vorstands Marijana CAMOVIC Trade Union of Media of Montenegro (TUMM), Montenegro @Marijana_C_ Anna DEL FREO Italian National Press Federation (FNSI), Italien @FnsiSocial Yannis KOTSIFOS Journalists&#8216; Union of Macedonia and Thrace Daily Newspapers (ESIEMTH), Griechenland @YannisKotsifos Mustafa KULELI TGS, Turkei @MKuleli Joachim KREIBICH DJU in VER.DI, Deutschland &nbsp; Martine SIMONIS AGJPB, Belgien @SimonisMartine Sergiy TOMILENKO NUJU, Ukraine @Stommedia StellvertreterInnen Andrea Roth, DJV, Deutschland Sofia Branco, SinJor, Portugal Juha Rekola, UJF,&hellip;<\/p>\n","protected":false},"author":1,"featured_media":0,"parent":8,"menu_order":1,"comment_status":"open","ping_status":"open","template":"","meta":{"footnotes":""},"class_list":["post-71","page","type-page","status-publish","hentry"],"_links":{"self":[{"href":"https:\/\/europeanjournalists.org\/de\/wp-json\/wp\/v2\/pages\/71","targetHints":{"allow":["GET"]}}],"collection":[{"href":"https:\/\/europeanjournalists.org\/de\/wp-json\/wp\/v2\/pages"}],"about":[{"href":"https:\/\/europeanjournalists.org\/de\/wp-json\/wp\/v2\/types\/page"}],"author":[{"embeddable":true,"href":"https:\/\/europeanjournalists.org\/de\/wp-json\/wp\/v2\/users\/1"}],"replies":[{"embeddable":true,"href":"https:\/\/europeanjournalists.org\/de\/wp-json\/wp\/v2\/comments?post=71"}],"version-history":[{"count":5,"href":"https:\/\/europeanjournalists.org\/de\/wp-json\/wp\/v2\/pages\/71\/revisions"}],"predecessor-version":[{"id":2547,"href":"https:\/\/europeanjournalists.org\/de\/wp-json\/wp\/v2\/pages\/71\/revisions\/2547"}],"up":[{"embeddable":true,"href":"https:\/\/europeanjournalists.org\/de\/wp-json\/wp\/v2\/pages\/8"}],"wp:attachment":[{"href":"https:\/\/europeanjournalists.org\/de\/wp-json\/wp\/v2\/media?parent=71"}],"curies":[{"name":"wp","href":"https:\/\/api.w.org\/{rel}","templated":true}]}}