{"id":730,"date":"2014-11-02T10:53:20","date_gmt":"2014-11-02T09:53:20","guid":{"rendered":"http:\/\/e-f-j.eu\/?page_id=730"},"modified":"2019-06-13T08:14:03","modified_gmt":"2019-06-13T08:14:03","slug":"join-the-efj","status":"publish","type":"page","link":"https:\/\/europeanjournalists.org\/de\/about-efj\/join-the-efj\/","title":{"rendered":"Mitglied werden"},"content":{"rendered":"<p><strong>Ihre Gewerkschaft m\u00f6chte Teil der Europ\u00e4ischen Journalisten F\u00f6deration werden?<\/strong><\/p>\n<p>Gewerkschaften, die Mitglied der <a href=\"https:\/\/www.ifj.org\/\">Internationalen Journalisten F\u00f6deration<\/a> (IJF) sind, k\u00f6nnen auch eine Mitgliedschaft bei der Europ\u00e4ischen Journalisten F\u00f6deration beantragen. Dar\u00fcber hinaus k\u00f6nnen leider nur Gewerkschaften und Verb\u00e4nde in L\u00e4ndern, die Mitglied des Europarates (<a href=\"https:\/\/www.coe.int\/en\/web\/portal\">Council of Europe<\/a>) sind, in die Europ\u00e4ische Journalisten F\u00f6deration aufgenommen werden.<\/p>\n<p>Die EJF-Mitgliedschaft wird mit dem Zahlungseingang des Mitgliedsbeitrags f\u00fcr das erste Halbjahr wirksam, es sei denn, der EJF-Vorstand verzichtet ausdr\u00fccklich auf diese Bedingung.<\/p>\n<p>Bitte stellen Sie sicher, dass das Antragsschreiben im Namen des Rechtstr\u00e4gers der Gewerkschaft oder des Verbandes von einem zust\u00e4ndigen Mitarbeiter unterzeichnet und baldestm\u00f6glich an das EJF-Sekretariat geschickt wird.<\/p>\n<p>Bitte beachten Sie die finanziellen Verpflichtungen innerhalb der EJF-Mitgliedschaft. Die Nichteinhaltung der Zahlung der EJF-Mitgliedsbeitr\u00e4ge kann zur Aussetzung oder zum Ausschluss von der Mitgliedschaft f\u00fchren.<\/p>\n<p>Das Antragsformular kann <a href=\"http:\/\/europeanjournalists.org\/de\/wp-content\/uploads\/sites\/3\/2014\/11\/EFJ-membership-application-form.doc\" target=\"_blank\" rel=\"noopener noreferrer\">hier<\/a> heruntergeladen werden. Noch Fragen? Sprechen Sie uns gerne an!<\/p>\n<p>&nbsp;<\/p>\n","protected":false},"excerpt":{"rendered":"<p>Ihre Gewerkschaft m\u00f6chte Teil der Europ\u00e4ischen Journalisten F\u00f6deration werden? Gewerkschaften, die Mitglied der Internationalen Journalisten F\u00f6deration (IJF) sind, k\u00f6nnen auch eine Mitgliedschaft bei der Europ\u00e4ischen Journalisten F\u00f6deration beantragen. Dar\u00fcber hinaus k\u00f6nnen leider nur Gewerkschaften und Verb\u00e4nde in L\u00e4ndern, die Mitglied des Europarates (Council of Europe) sind, in die Europ\u00e4ische Journalisten F\u00f6deration aufgenommen werden. Die EJF-Mitgliedschaft wird mit dem Zahlungseingang des Mitgliedsbeitrags f\u00fcr das erste Halbjahr wirksam, es sei denn, der EJF-Vorstand verzichtet ausdr\u00fccklich auf diese Bedingung. Bitte stellen Sie sicher, dass das Antragsschreiben im Namen des Rechtstr\u00e4gers der Gewerkschaft oder des Verbandes von einem zust\u00e4ndigen Mitarbeiter unterzeichnet und baldestm\u00f6glich an&hellip;<\/p>\n","protected":false},"author":1,"featured_media":0,"parent":8,"menu_order":6,"comment_status":"open","ping_status":"open","template":"","meta":{"footnotes":""},"class_list":["post-730","page","type-page","status-publish","hentry"],"_links":{"self":[{"href":"https:\/\/europeanjournalists.org\/de\/wp-json\/wp\/v2\/pages\/730","targetHints":{"allow":["GET"]}}],"collection":[{"href":"https:\/\/europeanjournalists.org\/de\/wp-json\/wp\/v2\/pages"}],"about":[{"href":"https:\/\/europeanjournalists.org\/de\/wp-json\/wp\/v2\/types\/page"}],"author":[{"embeddable":true,"href":"https:\/\/europeanjournalists.org\/de\/wp-json\/wp\/v2\/users\/1"}],"replies":[{"embeddable":true,"href":"https:\/\/europeanjournalists.org\/de\/wp-json\/wp\/v2\/comments?post=730"}],"version-history":[{"count":3,"href":"https:\/\/europeanjournalists.org\/de\/wp-json\/wp\/v2\/pages\/730\/revisions"}],"predecessor-version":[{"id":2517,"href":"https:\/\/europeanjournalists.org\/de\/wp-json\/wp\/v2\/pages\/730\/revisions\/2517"}],"up":[{"embeddable":true,"href":"https:\/\/europeanjournalists.org\/de\/wp-json\/wp\/v2\/pages\/8"}],"wp:attachment":[{"href":"https:\/\/europeanjournalists.org\/de\/wp-json\/wp\/v2\/media?parent=730"}],"curies":[{"name":"wp","href":"https:\/\/api.w.org\/{rel}","templated":true}]}}