{"id":8,"date":"2014-09-22T16:40:50","date_gmt":"2014-09-22T14:40:50","guid":{"rendered":"http:\/\/e-f-j.eu\/?page_id=8"},"modified":"2019-07-03T08:08:07","modified_gmt":"2019-07-03T08:08:07","slug":"about-efj","status":"publish","type":"page","link":"https:\/\/europeanjournalists.org\/de\/about-efj\/","title":{"rendered":"\u00dcber die EJF"},"content":{"rendered":"<p>Die Europ\u00e4ische Journalisten F\u00f6deration ist ein Zusammenschluss von Journalistengewerkschaften und \u2013verb\u00e4nden aus Europa, und handelt in \u00dcbereinstimmung mit ihrer Satzung als die regionale Gruppe der <a href=\"http:\/\/www.ifj.org\/\">Internationalen Journalisten F\u00f6deration.\u00a0<\/a><\/p>\n<p>Sie ist die gr\u00f6sste Journalistenorganisation in Europa und vertritt \u00fcber <strong>320. 000<\/strong> Journalisten in <strong>72<\/strong> Journalistenorganisationen in <strong>45<\/strong> L\u00e4ndern. Die EJF wurde 1994 mit Bezug zur IJF Satzung gegr\u00fcndet, um die Interessen der Journalistengewekschaften und -Verb\u00e4nde zu vertreten. In Februar 2013 hat sie eine unabh\u00e4ngige Rechtsform (Nr. 0503.985.472) als Internationaler gemeinn\u00fctziger Verein (aisbl = association internationale sans but lucratif) nach belgischem Recht etabliert.<\/p>\n<p>Die EJF wurde gegr\u00fcndet, um die Interessen von Journalistengewerkschaften und \u2013verb\u00e4nden und ihrer Mitglieder innerhalb des beruflichen, \u00f6konomischen, sozialen, kulturellen, rechtlichen und politischen Rahmens in Europa, insbesondere der Europ\u00e4ischen Union und dem Europarat, zu vertreten. Als demokratische Organisation ist sie unabh\u00e4ngig von allen ideologischen, politischen, staatlichen und religi\u00f6sen Einrichtungen. Sie arbeitet in allen europ\u00e4ischen Gebieten, um sich mit Nachdruck f\u00fcr gewerkschaftliche und berufsbezogene Belange einzusetzen, um Presse- und Meinungsfreiheit und die journalistischen Rechte gem\u00e4\u00df Artikel 10 Abs. 1 der Europ\u00e4ischen Menschen-rechtskonvention zu sch\u00fctzen und zu verteidigen.<\/p>\n<p>Die EJF is anerkannt bei der Europ\u00e4ischen Union, dem Europarat, dem Europ\u00e4ischen Gewerkschaftsbund (EGB) als die repr\u00e4sentative Stimme von Journalistinnen und Journalisten in Europa. Sie ist bei dem EU Transparency Register (No. 27471236588-39) registriert.<\/p>\n<p>Die EJF hat ihren Sitz in Br\u00fcssel, Belgien.<\/p>\n<p>&nbsp;<\/p>\n<p>&nbsp;<\/p>\n","protected":false},"excerpt":{"rendered":"<p>Die Europ\u00e4ische Journalisten F\u00f6deration ist ein Zusammenschluss von Journalistengewerkschaften und \u2013verb\u00e4nden aus Europa, und handelt in \u00dcbereinstimmung mit ihrer Satzung als die regionale Gruppe der Internationalen Journalisten F\u00f6deration.\u00a0 Sie ist die gr\u00f6sste Journalistenorganisation in Europa und vertritt \u00fcber 320. 000 Journalisten in 72 Journalistenorganisationen in 45 L\u00e4ndern. Die EJF wurde 1994 mit Bezug zur IJF Satzung gegr\u00fcndet, um die Interessen der Journalistengewekschaften und -Verb\u00e4nde zu vertreten. In Februar 2013 hat sie eine unabh\u00e4ngige Rechtsform (Nr. 0503.985.472) als Internationaler gemeinn\u00fctziger Verein (aisbl = association internationale sans but lucratif) nach belgischem Recht etabliert. Die EJF wurde gegr\u00fcndet, um die Interessen von Journalistengewerkschaften&hellip;<\/p>\n","protected":false},"author":1,"featured_media":0,"parent":0,"menu_order":2,"comment_status":"open","ping_status":"closed","template":"","meta":{"footnotes":""},"class_list":["post-8","page","type-page","status-publish","hentry"],"_links":{"self":[{"href":"https:\/\/europeanjournalists.org\/de\/wp-json\/wp\/v2\/pages\/8","targetHints":{"allow":["GET"]}}],"collection":[{"href":"https:\/\/europeanjournalists.org\/de\/wp-json\/wp\/v2\/pages"}],"about":[{"href":"https:\/\/europeanjournalists.org\/de\/wp-json\/wp\/v2\/types\/page"}],"author":[{"embeddable":true,"href":"https:\/\/europeanjournalists.org\/de\/wp-json\/wp\/v2\/users\/1"}],"replies":[{"embeddable":true,"href":"https:\/\/europeanjournalists.org\/de\/wp-json\/wp\/v2\/comments?post=8"}],"version-history":[{"count":5,"href":"https:\/\/europeanjournalists.org\/de\/wp-json\/wp\/v2\/pages\/8\/revisions"}],"predecessor-version":[{"id":2545,"href":"https:\/\/europeanjournalists.org\/de\/wp-json\/wp\/v2\/pages\/8\/revisions\/2545"}],"wp:attachment":[{"href":"https:\/\/europeanjournalists.org\/de\/wp-json\/wp\/v2\/media?parent=8"}],"curies":[{"name":"wp","href":"https:\/\/api.w.org\/{rel}","templated":true}]}}