{"id":80,"date":"2014-09-23T14:40:19","date_gmt":"2014-09-23T12:40:19","guid":{"rendered":"http:\/\/e-f-j.eu\/?page_id=80"},"modified":"2019-07-03T08:23:05","modified_gmt":"2019-07-03T08:23:05","slug":"resolutions","status":"publish","type":"page","link":"https:\/\/europeanjournalists.org\/de\/about-efj\/resolutions\/","title":{"rendered":"Resolutionen"},"content":{"rendered":"<p>Die Hauptversammlung der Europ\u00e4ischen Journalisten F\u00f6deration entscheidet \u00fcber Antr\u00e4ge und zuk\u00fcnftige Aufgaben. Die Mitgliedsorganisationen, Verb\u00e4nde mit Stimmrecht sowie der Vorstand haben das Recht, Antr\u00e4ge zu stellen. Diese m\u00fcssen dem Vorstand mindestens einen Monat vor der Haupversammlung eingereicht werden und sind den Mitgliedsverb\u00e4nden mindestens zwei Wochen vor der Hauptversammlung zu \u00fcbermitteln.<\/p>\n<ul>\n<li><a href=\"https:\/\/europeanjournalists.org\/de\/wp-content\/uploads\/sites\/3\/2019\/06\/EN-Motions-on-EFJ-activities-1.pdf\">Resolutionen und Positionen, Tallinn 2019<\/a><\/li>\n<li><a href=\"https:\/\/europeanjournalists.org\/wp-content\/uploads\/2018\/06\/resolutions-final-1.pdf\">Resolutionen und Positionen, Lissabon 2018<\/a><\/li>\n<li>\n<div class=\"\"><a href=\"https:\/\/europeanjournalists.org\/blog\/2017\/05\/19\/resolutions-2017-efj-am-bucharest\/\">Resolutionen und Positionen, Bukarest 2017<\/a><\/div>\n<\/li>\n<li><a href=\"https:\/\/europeanjournalists.org\/blog\/2016\/04\/28\/resolutions-and-statements-sarajevo-2016\/\">Resolutionen und Positionen, Sarajevo 2016<\/a><\/li>\n<li><a href=\"https:\/\/europeanjournalists.org\/blog\/2015\/06\/04\/resolutions-budva-2015\/\">Resolutionen und Positionen, Budva 2015<\/a><\/li>\n<li><a href=\"https:\/\/europeanjournalists.org\/blog\/2014\/11\/24\/resolutions-2014\/\">Resolutionen und Positionen, Moskau 2014<\/a><\/li>\n<li><a href=\"https:\/\/europeanjournalists.org\/blog\/2013\/05\/16\/resolutions-verviers-2013\/\">Resolutionen und Positionen, Verviers 2013<\/a><\/li>\n<\/ul>\n","protected":false},"excerpt":{"rendered":"<p>Die Hauptversammlung der Europ\u00e4ischen Journalisten F\u00f6deration entscheidet \u00fcber Antr\u00e4ge und zuk\u00fcnftige Aufgaben. Die Mitgliedsorganisationen, Verb\u00e4nde mit Stimmrecht sowie der Vorstand haben das Recht, Antr\u00e4ge zu stellen. Diese m\u00fcssen dem Vorstand mindestens einen Monat vor der Haupversammlung eingereicht werden und sind den Mitgliedsverb\u00e4nden mindestens zwei Wochen vor der Hauptversammlung zu \u00fcbermitteln. Resolutionen und Positionen, Tallinn 2019 Resolutionen und Positionen, Lissabon 2018 Resolutionen und Positionen, Bukarest 2017 Resolutionen und Positionen, Sarajevo 2016 Resolutionen und Positionen, Budva 2015 Resolutionen und Positionen, Moskau 2014 Resolutionen und Positionen, Verviers 2013<\/p>\n","protected":false},"author":1,"featured_media":0,"parent":8,"menu_order":4,"comment_status":"open","ping_status":"closed","template":"","meta":{"footnotes":""},"class_list":["post-80","page","type-page","status-publish","hentry"],"_links":{"self":[{"href":"https:\/\/europeanjournalists.org\/de\/wp-json\/wp\/v2\/pages\/80","targetHints":{"allow":["GET"]}}],"collection":[{"href":"https:\/\/europeanjournalists.org\/de\/wp-json\/wp\/v2\/pages"}],"about":[{"href":"https:\/\/europeanjournalists.org\/de\/wp-json\/wp\/v2\/types\/page"}],"author":[{"embeddable":true,"href":"https:\/\/europeanjournalists.org\/de\/wp-json\/wp\/v2\/users\/1"}],"replies":[{"embeddable":true,"href":"https:\/\/europeanjournalists.org\/de\/wp-json\/wp\/v2\/comments?post=80"}],"version-history":[{"count":12,"href":"https:\/\/europeanjournalists.org\/de\/wp-json\/wp\/v2\/pages\/80\/revisions"}],"predecessor-version":[{"id":2548,"href":"https:\/\/europeanjournalists.org\/de\/wp-json\/wp\/v2\/pages\/80\/revisions\/2548"}],"up":[{"embeddable":true,"href":"https:\/\/europeanjournalists.org\/de\/wp-json\/wp\/v2\/pages\/8"}],"wp:attachment":[{"href":"https:\/\/europeanjournalists.org\/de\/wp-json\/wp\/v2\/media?parent=80"}],"curies":[{"name":"wp","href":"https:\/\/api.w.org\/{rel}","templated":true}]}}