{"id":815,"date":"2014-11-10T12:19:58","date_gmt":"2014-11-10T11:19:58","guid":{"rendered":"http:\/\/e-f-j.eu\/?page_id=815"},"modified":"2019-07-31T12:16:06","modified_gmt":"2019-07-31T12:16:06","slug":"efj-newsletters","status":"publish","type":"page","link":"https:\/\/europeanjournalists.org\/de\/news-2\/efj-newsletters\/","title":{"rendered":"EJF Newsletter"},"content":{"rendered":"<p><a href=\"https:\/\/europeanjournalists.org\/de\/wp-content\/uploads\/sites\/3\/2019\/07\/Focus.jpg\"><img loading=\"lazy\" decoding=\"async\" class=\"size-full wp-image-2599 aligncenter\" src=\"https:\/\/europeanjournalists.org\/de\/wp-content\/uploads\/sites\/3\/2019\/07\/Focus.jpg\" alt=\"\" width=\"700\" height=\"317\" srcset=\"https:\/\/europeanjournalists.org\/de\/wp-content\/uploads\/sites\/3\/2019\/07\/Focus.jpg 700w, https:\/\/europeanjournalists.org\/de\/wp-content\/uploads\/sites\/3\/2019\/07\/Focus-300x136.jpg 300w\" sizes=\"auto, (max-width: 700px) 100vw, 700px\" \/><\/a><\/p>\n<p>Neuigkeiten zur Situation der Pressefreiheit in Europa, Terminank\u00fcndigungen und Berichte aus unserer Gewerkschaftsarbeit. F\u00fcr regelm\u00e4\u00dfige Informationen bieten wir einen Newsletter in Englischer Sprache, zu dem Sie sich hier anmelden k\u00f6nnen:<\/p>\n\n<div class=\"wpcf7 no-js\" id=\"wpcf7-f2602-o1\" lang=\"de-DE\" dir=\"ltr\" data-wpcf7-id=\"2602\">\n<div class=\"screen-reader-response\"><p role=\"status\" aria-live=\"polite\" aria-atomic=\"true\"><\/p> <ul><\/ul><\/div>\n<form action=\"\/de\/wp-json\/wp\/v2\/pages\/815#wpcf7-f2602-o1\" method=\"post\" class=\"wpcf7-form init\" aria-label=\"Kontaktformular\" novalidate=\"novalidate\" data-status=\"init\">\n<fieldset class=\"hidden-fields-container\"><input type=\"hidden\" name=\"_wpcf7\" value=\"2602\" \/><input type=\"hidden\" name=\"_wpcf7_version\" value=\"6.1.5\" \/><input type=\"hidden\" name=\"_wpcf7_locale\" value=\"de_DE\" \/><input type=\"hidden\" name=\"_wpcf7_unit_tag\" value=\"wpcf7-f2602-o1\" \/><input type=\"hidden\" name=\"_wpcf7_container_post\" value=\"0\" \/><input type=\"hidden\" name=\"_wpcf7_posted_data_hash\" value=\"\" \/>\n<\/fieldset>\n<p><label> Dein Name (Pflichtfeld)<br \/>\n<span class=\"wpcf7-form-control-wrap\" data-name=\"your-name\"><input size=\"40\" maxlength=\"400\" class=\"wpcf7-form-control wpcf7-text wpcf7-validates-as-required\" aria-required=\"true\" aria-invalid=\"false\" value=\"\" type=\"text\" name=\"your-name\" \/><\/span> <\/label>\n<\/p>\n<p><label> Deine E-Mail-Adresse (Pflichtfeld)<br \/>\n<span class=\"wpcf7-form-control-wrap\" data-name=\"your-email\"><input size=\"40\" maxlength=\"400\" class=\"wpcf7-form-control wpcf7-email wpcf7-validates-as-required wpcf7-text wpcf7-validates-as-email\" aria-required=\"true\" aria-invalid=\"false\" value=\"\" type=\"email\" name=\"your-email\" \/><\/span> <\/label>\n<\/p>\n<p><input class=\"wpcf7-form-control wpcf7-submit has-spinner\" type=\"submit\" value=\"Senden\" \/>\n<\/p><div class=\"wpcf7-response-output\" aria-hidden=\"true\"><\/div>\n<\/form>\n<\/div>\n\n<p>In unserem <strong><a href=\"http:\/\/us6.campaign-archive.com\/home\/?u=312d2086b1b5654e5e6957dd9&amp;id=0f374bdb90\">Archiv<\/a><\/strong> finden Sie die Newsletter der letzten Monate.<\/p>\n","protected":false},"excerpt":{"rendered":"<p>Neuigkeiten zur Situation der Pressefreiheit in Europa, Terminank\u00fcndigungen und Berichte aus unserer Gewerkschaftsarbeit. F\u00fcr regelm\u00e4\u00dfige Informationen bieten wir einen Newsletter in Englischer Sprache, zu dem Sie sich hier anmelden k\u00f6nnen: In unserem Archiv finden Sie die Newsletter der letzten Monate.<\/p>\n","protected":false},"author":1,"featured_media":0,"parent":809,"menu_order":3,"comment_status":"open","ping_status":"closed","template":"","meta":{"footnotes":""},"class_list":["post-815","page","type-page","status-publish","hentry"],"_links":{"self":[{"href":"https:\/\/europeanjournalists.org\/de\/wp-json\/wp\/v2\/pages\/815","targetHints":{"allow":["GET"]}}],"collection":[{"href":"https:\/\/europeanjournalists.org\/de\/wp-json\/wp\/v2\/pages"}],"about":[{"href":"https:\/\/europeanjournalists.org\/de\/wp-json\/wp\/v2\/types\/page"}],"author":[{"embeddable":true,"href":"https:\/\/europeanjournalists.org\/de\/wp-json\/wp\/v2\/users\/1"}],"replies":[{"embeddable":true,"href":"https:\/\/europeanjournalists.org\/de\/wp-json\/wp\/v2\/comments?post=815"}],"version-history":[{"count":25,"href":"https:\/\/europeanjournalists.org\/de\/wp-json\/wp\/v2\/pages\/815\/revisions"}],"predecessor-version":[{"id":2614,"href":"https:\/\/europeanjournalists.org\/de\/wp-json\/wp\/v2\/pages\/815\/revisions\/2614"}],"up":[{"embeddable":true,"href":"https:\/\/europeanjournalists.org\/de\/wp-json\/wp\/v2\/pages\/809"}],"wp:attachment":[{"href":"https:\/\/europeanjournalists.org\/de\/wp-json\/wp\/v2\/media?parent=815"}],"curies":[{"name":"wp","href":"https:\/\/api.w.org\/{rel}","templated":true}]}}