{"id":104,"date":"2014-09-23T15:03:57","date_gmt":"2014-09-23T13:03:57","guid":{"rendered":"http:\/\/e-f-j.eu\/?page_id=104"},"modified":"2019-08-14T14:44:11","modified_gmt":"2019-08-14T14:44:11","slug":"authors-rights","status":"publish","type":"page","link":"https:\/\/europeanjournalists.org\/fr\/policy\/authors-rights\/","title":{"rendered":"Droits d&rsquo;auteur"},"content":{"rendered":"<p>&nbsp;<\/p>\n<p>L\u2019exploitation des droits de propri\u00e9t\u00e9 intellectuelle est un sujet \u00e0 l\u2019ordre du jour de la plupart des gouvernements, des grandes entreprises, des forums \u00e9conomiques internationaux. Les journalistes sont parmi ceux qui doivent b\u00e9n\u00e9ficier des droits de propri\u00e9t\u00e9 intellectuelle. Actuellement, les droits d&rsquo;auteur sont mieux prot\u00e9g\u00e9s en Europe continentale.<\/p>\n<p>La FEJ demande que les journalistes soient reconnus en tant qu&rsquo;auteurs de l&rsquo;\u0153uvre qu&rsquo;ils cr\u00e9ent, qu&rsquo;ils aient un contr\u00f4le sur l&rsquo;utilisation ult\u00e9rieure de leur \u0153uvre et qu&rsquo;ils re\u00e7oivent une r\u00e9mun\u00e9ration \u00e9quitable pour celle-ci, que leurs \u0153uvres soient exploit\u00e9es hors ligne ou en ligne. Pour ces raisons, la FEJ s\u2019oppose \u00e0 la pratique anglo-saxonne qui prive tant les journalistes salari\u00e9s que les journalistes ind\u00e9pendants de leurs droits de propri\u00e9t\u00e9 intellectuelle. Ces droits ne sont pas uniquement des droits \u00e9conomiques.\u00a0Les journalistes, les photographes et les professionnels des m\u00e9dias doivent \u00e9galement jouir d\u2019une protection l\u00e9gale de leurs droits moraux, notamment celui d&rsquo;\u00eatre cit\u00e9 comme l&rsquo;auteur d&rsquo;un contenu et de prot\u00e9ger ce contenu contre toute utilisation pr\u00e9judiciable.<\/p>\n<p>Le droit des journalistes \u00e0 exercer un contr\u00f4le sur la reproduction de leur travail est crucial afin de maintenir les standards d\u00e9ontologiques qui d\u00e9finissent et garantissent un journalisme de qualit\u00e9. Il s\u2019agit d\u2019une raison suppl\u00e9mentaire de s&rsquo;opposer au syst\u00e8me anglo-saxon des droits d\u2019auteur au sein duquel les auteurs peuvent \u00eatre (et sont) contraints de renoncer \u00e0 leurs droits moraux. De plus, la tendance croissante des organisations de m\u00e9dias \u00e0 utiliser des contrats contenant des clauses contractuelles abusives est devenue un sujet de grande pr\u00e9occupation pour la F\u00e9d\u00e9ration europ\u00e9enne des journalistes (FEJ). En cons\u00e9quence, la FEJ a lanc\u00e9 une campagne \u00e0 l&rsquo;\u00e9chelle europ\u00e9enne contre les contrats abusifs et plaide pour une r\u00e9mun\u00e9ration \u00e9quitable des journalistes.<\/p>\n<p>Nous soutenons \u00e9galement l&rsquo;harmonisation juridique des droits d&rsquo;auteur en Europe et l&rsquo;indemnisation dans les conventions collectives. Le travail sur les droits d&rsquo;auteur est soutenu par le Groupe d&rsquo;Experts pour les Droits d\u2019Auteur (AREG) de la FEJ\/FIJ, compos\u00e9 de journalistes et d&rsquo;avocats. Le groupe se r\u00e9unit r\u00e9guli\u00e8rement afin d&rsquo;identifier les menaces visant les droits d&rsquo;auteur et de conseiller et soutenir les journalistes et leurs syndicats qui se battent pour obtenir davantage de protection.<\/p>\n<p><a class=\"button is-grey\">Le Groupe d&rsquo;Experts pour les Droits d\u2019Auteur (AREG)<\/a><\/p>\n<p><b>Pr\u00e9sident<\/b><b><br \/>\n<\/b><b>Comit\u00e9 directeur<\/b><\/p>\n<div class=\"sidebar-wrapper\">\n<div class=\"textwidget\">\n<p>Tona Pou (Espagne)<br \/>\nCharlotte Michils (Belgique)<br \/>\nMike Holderness (Royaume-Uni &amp; Irlande)<br \/>\nR\u00fcdiger L\u00fchr (Allegmagne)<br \/>\nMichael Lohmeyer (Autriche)<br \/>\nCl\u00e1udia Martins (Portugal)<br \/>\nAugust Ringvold (Norv\u00e8ge)<br \/>\nSanna Nikula (Finlande)<br \/>\nMichael Klehm (Allemagne)<br \/>\nBenno P\u00f6ppelmann (Allemagne)<br \/>\nRaffaele Lorusso (Italie)<br \/>\nOlivier Da Lage (France)<br \/>\nAnica Teleskovi\u0107 (Serbie)<br \/>\nMarta Barcenilla (Espagne)<br \/>\nMarcelo Ortega (Espagne) (reserve)<br \/>\nDominique Diserens (Suisse)<br \/>\nMichael Burkard (Suisse) (reserve)<br \/>\nEdward \u00a0Hasbrouck (\u00c9tats-unis)<br \/>\nOlle Wil\u00f6f (Su\u00e8de)<br \/>\nPablo Aiquel (France)<br \/>\nMogens Blicher Bjerreg<span lang=\"EN-US\">\u00e5<\/span>rd (Danemark)<\/p>\n<\/div>\n<\/div>\n<div class=\"clearfix\"><\/div>\n<p>&nbsp;<\/p>\n","protected":false},"excerpt":{"rendered":"<p>&nbsp; L\u2019exploitation des droits de propri\u00e9t\u00e9 intellectuelle est un sujet \u00e0 l\u2019ordre du jour de la plupart des gouvernements, des grandes entreprises, des forums \u00e9conomiques internationaux. Les journalistes sont parmi ceux qui doivent b\u00e9n\u00e9ficier des droits de propri\u00e9t\u00e9 intellectuelle. Actuellement, les droits d&rsquo;auteur sont mieux prot\u00e9g\u00e9s en Europe continentale. La FEJ demande que les journalistes soient reconnus en tant qu&rsquo;auteurs de l&rsquo;\u0153uvre qu&rsquo;ils cr\u00e9ent, qu&rsquo;ils aient un contr\u00f4le sur l&rsquo;utilisation ult\u00e9rieure de leur \u0153uvre et qu&rsquo;ils re\u00e7oivent une r\u00e9mun\u00e9ration \u00e9quitable pour celle-ci, que leurs \u0153uvres soient exploit\u00e9es hors ligne ou en ligne. Pour ces raisons, la FEJ s\u2019oppose \u00e0 la&hellip;<\/p>\n","protected":false},"author":1,"featured_media":0,"parent":15,"menu_order":2,"comment_status":"open","ping_status":"open","template":"page-no-sidebar.php","meta":{"footnotes":""},"class_list":["post-104","page","type-page","status-publish","hentry"],"_links":{"self":[{"href":"https:\/\/europeanjournalists.org\/fr\/wp-json\/wp\/v2\/pages\/104","targetHints":{"allow":["GET"]}}],"collection":[{"href":"https:\/\/europeanjournalists.org\/fr\/wp-json\/wp\/v2\/pages"}],"about":[{"href":"https:\/\/europeanjournalists.org\/fr\/wp-json\/wp\/v2\/types\/page"}],"author":[{"embeddable":true,"href":"https:\/\/europeanjournalists.org\/fr\/wp-json\/wp\/v2\/users\/1"}],"replies":[{"embeddable":true,"href":"https:\/\/europeanjournalists.org\/fr\/wp-json\/wp\/v2\/comments?post=104"}],"version-history":[{"count":11,"href":"https:\/\/europeanjournalists.org\/fr\/wp-json\/wp\/v2\/pages\/104\/revisions"}],"predecessor-version":[{"id":4609,"href":"https:\/\/europeanjournalists.org\/fr\/wp-json\/wp\/v2\/pages\/104\/revisions\/4609"}],"up":[{"embeddable":true,"href":"https:\/\/europeanjournalists.org\/fr\/wp-json\/wp\/v2\/pages\/15"}],"wp:attachment":[{"href":"https:\/\/europeanjournalists.org\/fr\/wp-json\/wp\/v2\/media?parent=104"}],"curies":[{"name":"wp","href":"https:\/\/api.w.org\/{rel}","templated":true}]}}