{"id":17,"date":"2014-09-22T16:45:49","date_gmt":"2014-09-22T14:45:49","guid":{"rendered":"http:\/\/e-f-j.eu\/?page_id=17"},"modified":"2019-08-02T08:06:37","modified_gmt":"2019-08-02T08:06:37","slug":"contact-us","status":"publish","type":"page","link":"https:\/\/europeanjournalists.org\/fr\/contact-us\/","title":{"rendered":"Contactez-nous"},"content":{"rendered":"<p><strong>F\u00e9d\u00e9ration europ\u00e9enne des journalistes<\/strong><br \/>\nRue de la Loi &#8211; Wetstraat 155<br \/>\n1040 Brussels \/ Belgium<\/p>\n<p>Telephone: +32 2 235 22 00<br \/>\nTelefax: +32 2 235 22 19<\/p>\n<p>email : secretariat@europeanjournalists.org<\/p>\n<p>IBAN : BE60 3631 1741 1870<br \/>\nBIC : BBRUBEBB<\/p>\n<p>International non-profit association (aisbl) number : 0503.985.472<\/p>\n<p>EU Transparency Register Number : 27471236588-39<\/p>\n<p>&nbsp;<\/p>\n<p><strong>Contactez-nous<\/strong><\/p>\n\n<div class=\"wpcf7 no-js\" id=\"wpcf7-f4603-o1\" lang=\"fr-FR\" dir=\"ltr\" data-wpcf7-id=\"4603\">\n<div class=\"screen-reader-response\"><p role=\"status\" aria-live=\"polite\" aria-atomic=\"true\"><\/p> <ul><\/ul><\/div>\n<form action=\"\/fr\/wp-json\/wp\/v2\/pages\/17#wpcf7-f4603-o1\" method=\"post\" class=\"wpcf7-form init\" aria-label=\"Formulaire de contact\" novalidate=\"novalidate\" data-status=\"init\">\n<fieldset class=\"hidden-fields-container\"><input type=\"hidden\" name=\"_wpcf7\" value=\"4603\" \/><input type=\"hidden\" name=\"_wpcf7_version\" value=\"6.1.5\" \/><input type=\"hidden\" name=\"_wpcf7_locale\" value=\"fr_FR\" \/><input type=\"hidden\" name=\"_wpcf7_unit_tag\" value=\"wpcf7-f4603-o1\" \/><input type=\"hidden\" name=\"_wpcf7_container_post\" value=\"0\" \/><input type=\"hidden\" name=\"_wpcf7_posted_data_hash\" value=\"\" \/>\n<\/fieldset>\n<p><label> Votre nom (obligatoire)<br \/>\n<span class=\"wpcf7-form-control-wrap\" data-name=\"your-name\"><input size=\"40\" maxlength=\"400\" class=\"wpcf7-form-control wpcf7-text wpcf7-validates-as-required\" aria-required=\"true\" aria-invalid=\"false\" value=\"\" type=\"text\" name=\"your-name\" \/><\/span> <\/label>\n<\/p>\n<p><label> Votre adresse de messagerie (obligatoire)<br \/>\n<span class=\"wpcf7-form-control-wrap\" data-name=\"your-email\"><input size=\"40\" maxlength=\"400\" class=\"wpcf7-form-control wpcf7-email wpcf7-validates-as-required wpcf7-text wpcf7-validates-as-email\" aria-required=\"true\" aria-invalid=\"false\" value=\"\" type=\"email\" name=\"your-email\" \/><\/span> <\/label>\n<\/p>\n<p><label> Objet<br \/>\n<span class=\"wpcf7-form-control-wrap\" data-name=\"your-subject\"><input size=\"40\" maxlength=\"400\" class=\"wpcf7-form-control wpcf7-text\" aria-invalid=\"false\" value=\"\" type=\"text\" name=\"your-subject\" \/><\/span> <\/label>\n<\/p>\n<p><label> Votre message<br \/>\n<span class=\"wpcf7-form-control-wrap\" data-name=\"your-message\"><textarea cols=\"40\" rows=\"10\" maxlength=\"2000\" class=\"wpcf7-form-control wpcf7-textarea\" aria-invalid=\"false\" name=\"your-message\"><\/textarea><\/span> <\/label>\n<\/p>\n<p><input class=\"wpcf7-form-control wpcf7-submit has-spinner\" type=\"submit\" value=\"Envoyer\" \/>\n<\/p><div class=\"wpcf7-response-output\" aria-hidden=\"true\"><\/div>\n<\/form>\n<\/div>\n\n","protected":false},"excerpt":{"rendered":"<p>F\u00e9d\u00e9ration europ\u00e9enne des journalistes Rue de la Loi &#8211; Wetstraat 155 1040 Brussels \/ Belgium Telephone: +32 2 235 22 00 Telefax: +32 2 235 22 19 email : secretariat@europeanjournalists.org IBAN : BE60 3631 1741 1870 BIC : BBRUBEBB International non-profit association (aisbl) number : 0503.985.472 EU Transparency Register Number : 27471236588-39 &nbsp; Contactez-nous<\/p>\n","protected":false},"author":1,"featured_media":0,"parent":0,"menu_order":12,"comment_status":"open","ping_status":"closed","template":"","meta":{"footnotes":""},"class_list":["post-17","page","type-page","status-publish","hentry"],"_links":{"self":[{"href":"https:\/\/europeanjournalists.org\/fr\/wp-json\/wp\/v2\/pages\/17","targetHints":{"allow":["GET"]}}],"collection":[{"href":"https:\/\/europeanjournalists.org\/fr\/wp-json\/wp\/v2\/pages"}],"about":[{"href":"https:\/\/europeanjournalists.org\/fr\/wp-json\/wp\/v2\/types\/page"}],"author":[{"embeddable":true,"href":"https:\/\/europeanjournalists.org\/fr\/wp-json\/wp\/v2\/users\/1"}],"replies":[{"embeddable":true,"href":"https:\/\/europeanjournalists.org\/fr\/wp-json\/wp\/v2\/comments?post=17"}],"version-history":[{"count":10,"href":"https:\/\/europeanjournalists.org\/fr\/wp-json\/wp\/v2\/pages\/17\/revisions"}],"predecessor-version":[{"id":4606,"href":"https:\/\/europeanjournalists.org\/fr\/wp-json\/wp\/v2\/pages\/17\/revisions\/4606"}],"wp:attachment":[{"href":"https:\/\/europeanjournalists.org\/fr\/wp-json\/wp\/v2\/media?parent=17"}],"curies":[{"name":"wp","href":"https:\/\/api.w.org\/{rel}","templated":true}]}}