{"id":19,"date":"2014-09-22T16:46:08","date_gmt":"2014-09-22T14:46:08","guid":{"rendered":"http:\/\/e-f-j.eu\/?page_id=19"},"modified":"2019-06-13T08:44:19","modified_gmt":"2019-06-13T08:44:19","slug":"members","status":"publish","type":"page","link":"https:\/\/europeanjournalists.org\/fr\/members\/","title":{"rendered":"Membres"},"content":{"rendered":"<p>La F\u00e9d\u00e9ration europ\u00e9enne des journalistes (FEJ) est la plus importante organisation des journalistes en Europe. Elle regroupe plus de 320.000 membres \u00e0 travers les syndicats et associations professionnelles affili\u00e9s \u00e0 la f\u00e9d\u00e9ration. Actuellement, nous comptons <b>71<\/b>\u00a0organisations membres dans les <b>45<\/b>\u00a0pays suivants :<\/p>\n<ul>\n<li><strong><a href=\"http:\/\/europeanjournalists.org\/blog\/2014\/01\/08\/austria\/\">Autriche<\/a><\/strong><\/li>\n<li><strong><a href=\"http:\/\/europeanjournalists.org\/blog\/2015\/12\/19\/albania\/\">Albanie<\/a><\/strong><\/li>\n<li><strong><a href=\"\/\/europeanjournalists.org\/blog\/2014\/01\/14\/germany\/\">Allemagne<\/a><\/strong><\/li>\n<li><strong><a href=\"http:\/\/europeanjournalists.org\/blog\/2014\/01\/14\/azerbaijan\/\">Azerba\u00efdjan<\/a><\/strong><\/li>\n<li><strong><a href=\"http:\/\/europeanjournalists.org\/blog\/2014\/01\/08\/belarus\/\">B\u00e9larus<\/a><\/strong><\/li>\n<li><strong><a href=\"http:\/\/europeanjournalists.org\/blog\/2014\/01\/14\/belgium\/\">Belgique<\/a><\/strong><\/li>\n<li><strong><a href=\"http:\/\/europeanjournalists.org\/blog\/2015\/05\/01\/bosnia-herzegovina\/\">Bosnie-Herz\u00e9govine<\/a><\/strong><\/li>\n<li><strong><a href=\"\/\/europeanjournalists.org\/blog\/2014\/01\/14\/bulgaria\/\">Bulgarie<\/a><\/strong><\/li>\n<li><strong><a href=\"http:\/\/europeanjournalists.org\/blog\/2014\/01\/14\/cyprus\/\">Chypre<\/a><\/strong><\/li>\n<li><strong><a href=\"\/\/europeanjournalists.org\/blog\/2014\/01\/14\/croatia\/\">Croatie<\/a><\/strong><\/li>\n<li><strong><a href=\"\/\/europeanjournalists.org\/blog\/2014\/01\/14\/denmark\/\">Danemark<\/a><\/strong><\/li>\n<li><strong><a href=\"\/\/europeanjournalists.org\/blog\/2014\/01\/14\/spain\/\">Espagne<\/a><\/strong><\/li>\n<li><strong><a href=\"\/\/europeanjournalists.org\/blog\/2014\/01\/14\/estonia\/\">Estonie<\/a><\/strong><\/li>\n<li><strong><a href=\"\/\/europeanjournalists.org\/blog\/2014\/01\/14\/finland\/\">Finlande<\/a><\/strong><\/li>\n<li><strong><a href=\"\/\/europeanjournalists.org\/blog\/2014\/01\/14\/france\/\">France<\/a><\/strong><\/li>\n<li><strong><a href=\"\/\/europeanjournalists.org\/blog\/2014\/01\/14\/georgia\/\">Georgie<\/a><\/strong><\/li>\n<li><strong><a href=\"\/\/europeanjournalists.org\/blog\/2014\/01\/14\/great-britain\/\">Grande-Bretagne<\/a><\/strong><\/li>\n<li><strong><a href=\"\/\/europeanjournalists.org\/blog\/2014\/01\/14\/greece\/\">Gr\u00e8ce<\/a><\/strong><\/li>\n<li><strong><a href=\"\/\/europeanjournalists.org\/blog\/2014\/01\/14\/hungary\/\">Hongrie<\/a><\/strong><\/li>\n<li><strong><a href=\"\/\/europeanjournalists.org\/blog\/2014\/01\/14\/faroe-islands\/\">\u00celes F\u00e9ro\u00e9<\/a><\/strong><\/li>\n<li><strong><a href=\"\/\/europeanjournalists.org\/blog\/2014\/01\/14\/ireland\/\">Irlande<\/a><\/strong><\/li>\n<li><strong><a href=\"\/\/europeanjournalists.org\/blog\/2014\/01\/14\/iceland\/\">Islande<\/a><\/strong><\/li>\n<li><strong><a href=\"\/\/europeanjournalists.org\/blog\/2014\/01\/14\/italy\/\">Italie<\/a><\/strong><\/li>\n<li><strong><a href=\"\/\/europeanjournalists.org\/blog\/2014\/01\/14\/latvia\/\">Lettonie<\/a><\/strong><\/li>\n<li><strong><a href=\"http:\/\/europeanjournalists.org\/blog\/2015\/09\/30\/lithuania\/\">Lithuanie<\/a><\/strong><\/li>\n<li><strong><a href=\"\/\/europeanjournalists.org\/blog\/2014\/01\/14\/luxemburg\/\">Luxembourg<\/a><\/strong><\/li>\n<li><strong><a href=\"\/\/europeanjournalists.org\/blog\/2014\/01\/14\/republic-of-macedonia\/\">Mac\u00e9doine<\/a><\/strong><\/li>\n<li><strong><a href=\"\/\/europeanjournalists.org\/blog\/2014\/01\/14\/montenegro\/\">Mont\u00e9n\u00e9gro<\/a><\/strong><\/li>\n<li><strong><a href=\"\/\/europeanjournalists.org\/blog\/2014\/01\/14\/norway\/\">Norv\u00e8ge<\/a><\/strong><\/li>\n<li><strong><a href=\"\/\/europeanjournalists.org\/blog\/2014\/01\/14\/the-netherlands\/\">Pays-Bas<\/a><\/strong><\/li>\n<li><strong><a href=\"\/\/europeanjournalists.org\/blog\/2014\/01\/14\/poland\/\">Pologne<\/a><\/strong><\/li>\n<li><strong><a href=\"\/\/europeanjournalists.org\/blog\/2014\/01\/14\/portugal\/\">Portugal<\/a><\/strong><\/li>\n<li><strong><a href=\"\/\/europeanjournalists.org\/blog\/2014\/01\/14\/czech-republic\/\">R\u00e9publique tch\u00e8que<\/a><\/strong><\/li>\n<li><strong><a href=\"\/\/europeanjournalists.org\/blog\/2014\/01\/14\/romania\/\">Roumanie<\/a><\/strong><\/li>\n<li><strong><a href=\"\/\/europeanjournalists.org\/blog\/2014\/01\/14\/russia\/\">Russie<\/a><\/strong><\/li>\n<li><strong><a href=\"http:\/\/europeanjournalists.org\/blog\/2015\/12\/19\/san-marino\/\">Saint-Marin<\/a><\/strong><\/li>\n<li><strong><a href=\"\/\/europeanjournalists.org\/blog\/2014\/01\/14\/serbia\/\">Serbie<\/a><\/strong><\/li>\n<li><strong><a href=\"\/\/europeanjournalists.org\/blog\/2014\/01\/14\/slovakia\/\">Slovaquie<\/a><\/strong><\/li>\n<li><strong><a href=\"http:\/\/europeanjournalists.org\/blog\/2014\/01\/29\/slovenia-2\/\">Slov\u00e9nie<\/a><\/strong><\/li>\n<li><strong><a href=\"\/\/europeanjournalists.org\/blog\/2014\/01\/14\/sweden\/\">Su\u00e8de<\/a><\/strong><\/li>\n<li><strong><a href=\"\/\/europeanjournalists.org\/blog\/2014\/01\/14\/switzerland\/\">Suisse<\/a><\/strong><\/li>\n<li><strong><a href=\"\/\/europeanjournalists.org\/blog\/2014\/01\/14\/turkey\/\">Turquie<\/a><\/strong><\/li>\n<li><strong><a href=\"\/\/europeanjournalists.org\/blog\/2014\/01\/14\/ukraine\/_EQFW_QUOTE_\">Ukraine<\/a><\/strong><\/li>\n<\/ul>\n","protected":false},"excerpt":{"rendered":"<p>La F\u00e9d\u00e9ration europ\u00e9enne des journalistes (FEJ) est la plus importante organisation des journalistes en Europe. Elle regroupe plus de 320.000 membres \u00e0 travers les syndicats et associations professionnelles affili\u00e9s \u00e0 la f\u00e9d\u00e9ration. Actuellement, nous comptons 71\u00a0organisations membres dans les 45\u00a0pays suivants : Autriche Albanie Allemagne Azerba\u00efdjan B\u00e9larus Belgique Bosnie-Herz\u00e9govine Bulgarie Chypre Croatie Danemark Espagne Estonie Finlande France Georgie Grande-Bretagne Gr\u00e8ce Hongrie \u00celes F\u00e9ro\u00e9 Irlande Islande Italie Lettonie Lithuanie Luxembourg Mac\u00e9doine Mont\u00e9n\u00e9gro Norv\u00e8ge Pays-Bas Pologne Portugal R\u00e9publique tch\u00e8que Roumanie Russie Saint-Marin Serbie Slovaquie Slov\u00e9nie Su\u00e8de Suisse Turquie Ukraine<\/p>\n","protected":false},"author":1,"featured_media":0,"parent":0,"menu_order":5,"comment_status":"open","ping_status":"closed","template":"","meta":{"footnotes":""},"class_list":["post-19","page","type-page","status-publish","hentry"],"_links":{"self":[{"href":"https:\/\/europeanjournalists.org\/fr\/wp-json\/wp\/v2\/pages\/19","targetHints":{"allow":["GET"]}}],"collection":[{"href":"https:\/\/europeanjournalists.org\/fr\/wp-json\/wp\/v2\/pages"}],"about":[{"href":"https:\/\/europeanjournalists.org\/fr\/wp-json\/wp\/v2\/types\/page"}],"author":[{"embeddable":true,"href":"https:\/\/europeanjournalists.org\/fr\/wp-json\/wp\/v2\/users\/1"}],"replies":[{"embeddable":true,"href":"https:\/\/europeanjournalists.org\/fr\/wp-json\/wp\/v2\/comments?post=19"}],"version-history":[{"count":23,"href":"https:\/\/europeanjournalists.org\/fr\/wp-json\/wp\/v2\/pages\/19\/revisions"}],"predecessor-version":[{"id":4544,"href":"https:\/\/europeanjournalists.org\/fr\/wp-json\/wp\/v2\/pages\/19\/revisions\/4544"}],"wp:attachment":[{"href":"https:\/\/europeanjournalists.org\/fr\/wp-json\/wp\/v2\/media?parent=19"}],"curies":[{"name":"wp","href":"https:\/\/api.w.org\/{rel}","templated":true}]}}