{"id":2369,"date":"2015-07-22T12:58:13","date_gmt":"2015-07-22T12:58:13","guid":{"rendered":"http:\/\/europeanjournalists.org\/fr\/?page_id=2369"},"modified":"2020-06-16T16:52:24","modified_gmt":"2020-06-16T16:52:24","slug":"emplois-et-stages","status":"publish","type":"page","link":"https:\/\/europeanjournalists.org\/fr\/about-efj\/emplois-et-stages\/","title":{"rendered":"Emplois et stages"},"content":{"rendered":"<p><img decoding=\"async\" class=\"aligncenter\" src=\"http:\/\/europeanjournalists.org\/wp-content\/uploads\/2015\/07\/jobs-efj.jpg\" alt=\"\" \/><\/p>\n<h3>La plus grande organisation de journalistes europ\u00e9ens n&rsquo;est pas \u00e0 la recherche d&rsquo;un-e stagiaire actuellement<\/h3>\n<p style=\"text-align: left;\">La F\u00e9d\u00e9ration europ\u00e9enne des journalistes (FEJ) est r\u00e9guli\u00e8rement \u00e0 la recherche d&rsquo;un-e stagiaire pour travailler \u00e0 partir de son si\u00e8ge social bas\u00e9 \u00e0 Bruxelles. Le stage est possible pour une p\u00e9riode de 2 \u00e0 5 mois en fonction de la disponibilit\u00e9 des candidat-e-s. Le travail demand\u00e9 exige des candidat-e-s d&rsquo;avoir les comp\u00e9tences suivantes:<\/p>\n<ul>\n<li>Comp\u00e9tences linguistiques &#8211; Ma\u00eetrise de l&rsquo;anglais et \/ ou du\u00a0fran\u00e7ais. La ma\u00eetrise de l&rsquo;allemand ou toute autre langue de l&rsquo;UE sera consid\u00e9r\u00e9e comme de pr\u00e9cieux atout. La FEJ encourage particuli\u00e8rement les candidat-e-s germanophones \u00e0 postuler pour un stage afin de renforcer sa diversit\u00e9 linguistique en ligne.<\/li>\n<li>Sens de l&rsquo;organisation &#8211; D\u00e9montrer une\u00a0exp\u00e9rience ou des capacit\u00e9s dans l&rsquo;organisation des \u00e9v\u00e9nements, des conf\u00e9rences ou la fourniture de services \u00e0 des membres.<\/li>\n<li>Avoir des connaissances ou de l&rsquo;exp\u00e9rience en\u00a0journalisme et comprendre les institutions de l&rsquo;Union europ\u00e9enne<\/li>\n<li>Etre flexible, ind\u00e9pendant-e et pro-actif-ve<\/li>\n<li>Comp\u00e9tences informatiques &#8211; la connaissance des CMS, des blogs et des outils de surveillance des m\u00e9dias sociaux sont appr\u00e9ci\u00e9s<\/li>\n<\/ul>\n<p>Votre t\u00e2che quotidienne consistera \u00e0 :<\/p>\n<ul>\n<li>aider \u00e0 la r\u00e9daction de communiqu\u00e9s de presse ou de contenus pour le site internet de la FEJ<\/li>\n<li>traduire des br\u00e8ves pour le site, aider dans la gestion de contenus en ligne et sur les m\u00e9dias sociaux<\/li>\n<li>aider \u00e0 organiser des \u00e9v\u00e9nements internationaux (r\u00e9servation de vols, r\u00e9servation d&rsquo;h\u00e9bergement\u00a0et des modes de transports\u00a0pour les participants)<\/li>\n<li>suivre la politique de l&rsquo;Union europ\u00e9enne et\u00a0fournir une assistance dans les activit\u00e9s de lobbying de la FEJ<\/li>\n<\/ul>\n<p>Ce que nous vous offrons :<\/p>\n<ul>\n<li>Une indemnit\u00e9 mensuelle forfaitaire de 500 euros<\/li>\n<li>Une exp\u00e9rience en gestion de projet au niveau europ\u00e9en et international<\/li>\n<li>Des connaissances en gestion de contenu en ligne et de relations publiques<\/li>\n<li>Un contact privil\u00e9gi\u00e9 avec le monde du journalisme et des organisations internationales<\/li>\n<li>Une initiation pratique sur\u00a0la situation de la libert\u00e9 de la presse et les droits sociaux en Europe<\/li>\n<li>Un environnement positif de travail \u00e0 Bruxelles avec des coll\u00e8gues motiv\u00e9s<\/li>\n<li>Une exp\u00e9rience professionnelle dans un environnement multinational et de nombreuses langues diff\u00e9rentes<\/li>\n<\/ul>\n<p>Nous sommes une petite \u00e9quipe multinationale bas\u00e9e dans le centre des institutions europ\u00e9ennes au R\u00e9sidence Palace \u00e0 Schuman. Si vous pensez \u00eatre capable de relever le d\u00e9fi et travailler avec nous, nous vous prions de nous envoyer votre lettre de motivation ainsi que votre CV en utilisant le formulaire sur la <a href=\"http:\/\/europeanjournalists.org\/fr\/contact-us\/\">page contact<\/a>\u00a0(copiez \/ collez lettre et CV en texte dans le corps du courriel, pas de document joint).<\/p>\n","protected":false},"excerpt":{"rendered":"<p>La plus grande organisation de journalistes europ\u00e9ens n&rsquo;est pas \u00e0 la recherche d&rsquo;un-e stagiaire actuellement La F\u00e9d\u00e9ration europ\u00e9enne des journalistes (FEJ) est r\u00e9guli\u00e8rement \u00e0 la recherche d&rsquo;un-e stagiaire pour travailler \u00e0 partir de son si\u00e8ge social bas\u00e9 \u00e0 Bruxelles. Le stage est possible pour une p\u00e9riode de 2 \u00e0 5 mois en fonction de la disponibilit\u00e9 des candidat-e-s. Le travail demand\u00e9 exige des candidat-e-s d&rsquo;avoir les comp\u00e9tences suivantes: Comp\u00e9tences linguistiques &#8211; Ma\u00eetrise de l&rsquo;anglais et \/ ou du\u00a0fran\u00e7ais. La ma\u00eetrise de l&rsquo;allemand ou toute autre langue de l&rsquo;UE sera consid\u00e9r\u00e9e comme de pr\u00e9cieux atout. La FEJ encourage particuli\u00e8rement les candidat-e-s&hellip;<\/p>\n","protected":false},"author":1,"featured_media":0,"parent":8,"menu_order":10,"comment_status":"open","ping_status":"open","template":"","meta":{"footnotes":""},"class_list":["post-2369","page","type-page","status-publish","hentry"],"_links":{"self":[{"href":"https:\/\/europeanjournalists.org\/fr\/wp-json\/wp\/v2\/pages\/2369","targetHints":{"allow":["GET"]}}],"collection":[{"href":"https:\/\/europeanjournalists.org\/fr\/wp-json\/wp\/v2\/pages"}],"about":[{"href":"https:\/\/europeanjournalists.org\/fr\/wp-json\/wp\/v2\/types\/page"}],"author":[{"embeddable":true,"href":"https:\/\/europeanjournalists.org\/fr\/wp-json\/wp\/v2\/users\/1"}],"replies":[{"embeddable":true,"href":"https:\/\/europeanjournalists.org\/fr\/wp-json\/wp\/v2\/comments?post=2369"}],"version-history":[{"count":14,"href":"https:\/\/europeanjournalists.org\/fr\/wp-json\/wp\/v2\/pages\/2369\/revisions"}],"predecessor-version":[{"id":4872,"href":"https:\/\/europeanjournalists.org\/fr\/wp-json\/wp\/v2\/pages\/2369\/revisions\/4872"}],"up":[{"embeddable":true,"href":"https:\/\/europeanjournalists.org\/fr\/wp-json\/wp\/v2\/pages\/8"}],"wp:attachment":[{"href":"https:\/\/europeanjournalists.org\/fr\/wp-json\/wp\/v2\/media?parent=2369"}],"curies":[{"name":"wp","href":"https:\/\/api.w.org\/{rel}","templated":true}]}}