{"id":72,"date":"2014-09-23T14:38:44","date_gmt":"2014-09-23T12:38:44","guid":{"rendered":"http:\/\/e-f-j.eu\/?page_id=72"},"modified":"2019-08-02T08:06:01","modified_gmt":"2019-08-02T08:06:01","slug":"ourstaff","status":"publish","type":"page","link":"https:\/\/europeanjournalists.org\/fr\/about-efj\/ourstaff\/","title":{"rendered":"Le secr\u00e9tariat de la FEJ"},"content":{"rendered":"<p><strong>Ricardo Guti\u00e9rrez<\/strong><br \/>\nSecr\u00e9taire g\u00e9n\u00e9ral<br \/>\nricardo.gutierrez(at)ifj.org<\/p>\n<p><strong>Renate Schroeder<\/strong><br \/>\nDirectrice<br \/>\nrenate.schroeder(at)ifj.org<\/p>\n<p><strong>Yuk Lan Wong<\/strong><br \/>\nResponsable de la politique et des projets<br \/>\nyuklan.wong(at)ifj.org<\/p>\n<p><strong>Camille Petit<\/strong><br \/>\nCharg\u00e9e de projet<br \/>\ncamille(at)europeanjournalists.org<\/p>\n<p><strong>Caroline Hubert<br \/>\n<\/strong>Assistante de projet<br \/>\ncaroline(at)europeanjournalists.org<\/p>\n<p>&nbsp;<\/p>\n<p><strong>Contactez-nous<\/strong><\/p>\n\n<div class=\"wpcf7 no-js\" id=\"wpcf7-f4603-o1\" lang=\"fr-FR\" dir=\"ltr\" data-wpcf7-id=\"4603\">\n<div class=\"screen-reader-response\"><p role=\"status\" aria-live=\"polite\" aria-atomic=\"true\"><\/p> <ul><\/ul><\/div>\n<form action=\"\/fr\/wp-json\/wp\/v2\/pages\/72#wpcf7-f4603-o1\" method=\"post\" class=\"wpcf7-form init\" aria-label=\"Formulaire de contact\" novalidate=\"novalidate\" data-status=\"init\">\n<fieldset class=\"hidden-fields-container\"><input type=\"hidden\" name=\"_wpcf7\" value=\"4603\" \/><input type=\"hidden\" name=\"_wpcf7_version\" value=\"6.1.5\" \/><input type=\"hidden\" name=\"_wpcf7_locale\" value=\"fr_FR\" \/><input type=\"hidden\" name=\"_wpcf7_unit_tag\" value=\"wpcf7-f4603-o1\" \/><input type=\"hidden\" name=\"_wpcf7_container_post\" value=\"0\" \/><input type=\"hidden\" name=\"_wpcf7_posted_data_hash\" value=\"\" \/>\n<\/fieldset>\n<p><label> Votre nom (obligatoire)<br \/>\n<span class=\"wpcf7-form-control-wrap\" data-name=\"your-name\"><input size=\"40\" maxlength=\"400\" class=\"wpcf7-form-control wpcf7-text wpcf7-validates-as-required\" aria-required=\"true\" aria-invalid=\"false\" value=\"\" type=\"text\" name=\"your-name\" \/><\/span> <\/label>\n<\/p>\n<p><label> Votre adresse de messagerie (obligatoire)<br \/>\n<span class=\"wpcf7-form-control-wrap\" data-name=\"your-email\"><input size=\"40\" maxlength=\"400\" class=\"wpcf7-form-control wpcf7-email wpcf7-validates-as-required wpcf7-text wpcf7-validates-as-email\" aria-required=\"true\" aria-invalid=\"false\" value=\"\" type=\"email\" name=\"your-email\" \/><\/span> <\/label>\n<\/p>\n<p><label> Objet<br \/>\n<span class=\"wpcf7-form-control-wrap\" data-name=\"your-subject\"><input size=\"40\" maxlength=\"400\" class=\"wpcf7-form-control wpcf7-text\" aria-invalid=\"false\" value=\"\" type=\"text\" name=\"your-subject\" \/><\/span> <\/label>\n<\/p>\n<p><label> Votre message<br \/>\n<span class=\"wpcf7-form-control-wrap\" data-name=\"your-message\"><textarea cols=\"40\" rows=\"10\" maxlength=\"2000\" class=\"wpcf7-form-control wpcf7-textarea\" aria-invalid=\"false\" name=\"your-message\"><\/textarea><\/span> <\/label>\n<\/p>\n<p><input class=\"wpcf7-form-control wpcf7-submit has-spinner\" type=\"submit\" value=\"Envoyer\" \/>\n<\/p><div class=\"wpcf7-response-output\" aria-hidden=\"true\"><\/div>\n<\/form>\n<\/div>\n\n","protected":false},"excerpt":{"rendered":"<p>Ricardo Guti\u00e9rrez Secr\u00e9taire g\u00e9n\u00e9ral ricardo.gutierrez(at)ifj.org Renate Schroeder Directrice renate.schroeder(at)ifj.org Yuk Lan Wong Responsable de la politique et des projets yuklan.wong(at)ifj.org Camille Petit Charg\u00e9e de projet camille(at)europeanjournalists.org Caroline Hubert Assistante de projet caroline(at)europeanjournalists.org &nbsp; Contactez-nous<\/p>\n","protected":false},"author":1,"featured_media":0,"parent":8,"menu_order":2,"comment_status":"open","ping_status":"closed","template":"","meta":{"footnotes":""},"class_list":["post-72","page","type-page","status-publish","hentry"],"_links":{"self":[{"href":"https:\/\/europeanjournalists.org\/fr\/wp-json\/wp\/v2\/pages\/72","targetHints":{"allow":["GET"]}}],"collection":[{"href":"https:\/\/europeanjournalists.org\/fr\/wp-json\/wp\/v2\/pages"}],"about":[{"href":"https:\/\/europeanjournalists.org\/fr\/wp-json\/wp\/v2\/types\/page"}],"author":[{"embeddable":true,"href":"https:\/\/europeanjournalists.org\/fr\/wp-json\/wp\/v2\/users\/1"}],"replies":[{"embeddable":true,"href":"https:\/\/europeanjournalists.org\/fr\/wp-json\/wp\/v2\/comments?post=72"}],"version-history":[{"count":17,"href":"https:\/\/europeanjournalists.org\/fr\/wp-json\/wp\/v2\/pages\/72\/revisions"}],"predecessor-version":[{"id":4605,"href":"https:\/\/europeanjournalists.org\/fr\/wp-json\/wp\/v2\/pages\/72\/revisions\/4605"}],"up":[{"embeddable":true,"href":"https:\/\/europeanjournalists.org\/fr\/wp-json\/wp\/v2\/pages\/8"}],"wp:attachment":[{"href":"https:\/\/europeanjournalists.org\/fr\/wp-json\/wp\/v2\/media?parent=72"}],"curies":[{"name":"wp","href":"https:\/\/api.w.org\/{rel}","templated":true}]}}