{"id":730,"date":"2014-11-02T10:53:20","date_gmt":"2014-11-02T09:53:20","guid":{"rendered":"http:\/\/e-f-j.eu\/?page_id=730"},"modified":"2016-07-01T11:35:01","modified_gmt":"2016-07-01T11:35:01","slug":"join-the-efj","status":"publish","type":"page","link":"https:\/\/europeanjournalists.org\/fr\/about-efj\/join-the-efj\/","title":{"rendered":"Adh\u00e9rez \u00e0 la FEJ"},"content":{"rendered":"<p>Seuls les membres de la FIJ en r\u00e8gle avec leur cotisation peuvent faire une demande d&rsquo;adh\u00e9sion \u00e0 la F\u00e9d\u00e9ration europ\u00e9enne des journalistes. De plus, seuls les syndicats et les associations dont le pays est membre du Conseil de l&rsquo;Europe peuvent consid\u00e9rer une adh\u00e9sion \u00e0 la F\u00e9d\u00e9ration europ\u00e9enne des journalistes.<\/p>\n<p>L&rsquo;adh\u00e9sion \u00e0 la FEJ est effective lorsque le premier paiement,\u00a0qui correspond \u00e0 la cotisation de\u00a0la premi\u00e8re moiti\u00e9 de l&rsquo;ann\u00e9e est re\u00e7u, sauf d\u00e9rogation\u00a0du\u00a0comit\u00e9 directeur de la FEJ.<\/p>\n<p>La lettre de candidature doit \u00eatre sign\u00e9e\u00a0par un\u00a0responsable au nom\u00a0de l&rsquo;organe repr\u00e9sentatif\u00a0du syndicat ou de l&rsquo;association, puis envoy\u00e9e au secr\u00e9tariat de la FEJ\u00a0dans les plus brefs d\u00e9lais.<\/p>\n<p>Merci de prendre note des obligations financi\u00e8res. Si les paiements ne sont pas effectu\u00e9s aux dates requises,\u00a0une suspension ou une expulsion sera envisag\u00e9e.<\/p>\n<p>Pour t\u00e9l\u00e9charger\u00a0le\u00a0formulaire de candidature, <a href=\"http:\/\/europeanjournalists.org\/fr\/wp-content\/uploads\/sites\/2\/2014\/11\/EFJ-membership-application-form.doc\">cliquer ici<\/a>.<\/p>\n","protected":false},"excerpt":{"rendered":"<p>Seuls les membres de la FIJ en r\u00e8gle avec leur cotisation peuvent faire une demande d&rsquo;adh\u00e9sion \u00e0 la F\u00e9d\u00e9ration europ\u00e9enne des journalistes. De plus, seuls les syndicats et les associations dont le pays est membre du Conseil de l&rsquo;Europe peuvent consid\u00e9rer une adh\u00e9sion \u00e0 la F\u00e9d\u00e9ration europ\u00e9enne des journalistes. L&rsquo;adh\u00e9sion \u00e0 la FEJ est effective lorsque le premier paiement,\u00a0qui correspond \u00e0 la cotisation de\u00a0la premi\u00e8re moiti\u00e9 de l&rsquo;ann\u00e9e est re\u00e7u, sauf d\u00e9rogation\u00a0du\u00a0comit\u00e9 directeur de la FEJ. La lettre de candidature doit \u00eatre sign\u00e9e\u00a0par un\u00a0responsable au nom\u00a0de l&rsquo;organe repr\u00e9sentatif\u00a0du syndicat ou de l&rsquo;association, puis envoy\u00e9e au secr\u00e9tariat de la FEJ\u00a0dans les&hellip;<\/p>\n","protected":false},"author":1,"featured_media":0,"parent":8,"menu_order":6,"comment_status":"open","ping_status":"open","template":"","meta":{"footnotes":""},"class_list":["post-730","page","type-page","status-publish","hentry"],"_links":{"self":[{"href":"https:\/\/europeanjournalists.org\/fr\/wp-json\/wp\/v2\/pages\/730","targetHints":{"allow":["GET"]}}],"collection":[{"href":"https:\/\/europeanjournalists.org\/fr\/wp-json\/wp\/v2\/pages"}],"about":[{"href":"https:\/\/europeanjournalists.org\/fr\/wp-json\/wp\/v2\/types\/page"}],"author":[{"embeddable":true,"href":"https:\/\/europeanjournalists.org\/fr\/wp-json\/wp\/v2\/users\/1"}],"replies":[{"embeddable":true,"href":"https:\/\/europeanjournalists.org\/fr\/wp-json\/wp\/v2\/comments?post=730"}],"version-history":[{"count":5,"href":"https:\/\/europeanjournalists.org\/fr\/wp-json\/wp\/v2\/pages\/730\/revisions"}],"predecessor-version":[{"id":3142,"href":"https:\/\/europeanjournalists.org\/fr\/wp-json\/wp\/v2\/pages\/730\/revisions\/3142"}],"up":[{"embeddable":true,"href":"https:\/\/europeanjournalists.org\/fr\/wp-json\/wp\/v2\/pages\/8"}],"wp:attachment":[{"href":"https:\/\/europeanjournalists.org\/fr\/wp-json\/wp\/v2\/media?parent=730"}],"curies":[{"name":"wp","href":"https:\/\/api.w.org\/{rel}","templated":true}]}}