{"id":8,"date":"2014-09-22T16:40:50","date_gmt":"2014-09-22T14:40:50","guid":{"rendered":"http:\/\/e-f-j.eu\/?page_id=8"},"modified":"2019-06-13T08:56:15","modified_gmt":"2019-06-13T08:56:15","slug":"about-efj","status":"publish","type":"page","link":"https:\/\/europeanjournalists.org\/fr\/about-efj\/","title":{"rendered":"A propos de la FEJ"},"content":{"rendered":"<p>La <strong>F\u00e9d\u00e9ration europ\u00e9enne des journalistes (FEJ)<\/strong> est la plus importante organisation de journalistes en Europe. Elle repr\u00e9sente plus de 320.000 journalistes \u00e0 travers <strong>71<\/strong>\u00a0syndicats et associations dans <strong>45<\/strong> pays.<\/p>\n<p>La FEJ a \u00e9t\u00e9 cr\u00e9\u00e9e en 1994 dans le cadre de la constitution de la F\u00e9d\u00e9ration internationale des journalistes (FIJ) pour repr\u00e9senter les int\u00e9r\u00eats des syndicats et des associations de journalistes en Europe. Depuis f\u00e9vrier 2013, elle a acquis un statut juridique autonome pour devenir une association internationale sans but lucratif (AISBL, num\u00e9ro 0503.985.472) conform\u00e9ment \u00e0 la l\u00e9gislation belge.<\/p>\n<p>La FEJ se bat pour les droits sociaux et professionnels des journalistes qui travaillent dans tout type de m\u00e9dia \u00e0 travers l&rsquo;Europe. La FEJ promeut et d\u00e9fend les droits \u00e0 la libert\u00e9 d&rsquo;expression et d&rsquo;information tels que garantis par l&rsquo;article 10 de la Convention europ\u00e9enne des droits de l&rsquo;homme.<\/p>\n<p>La FEJ soutient ses affili\u00e9s pour promouvoir le d\u00e9veloppement syndical et recruter de nouveaux membres. Elle vise \u00e0 cr\u00e9er un environnement propice au journalisme de qualit\u00e9, \u00e0 l&rsquo;ind\u00e9pendance journalistique, au pluralisme, aux valeurs du service public, dans des conditions de travail d\u00e9centes.<\/p>\n<p>La FEJ est reconnue par l&rsquo;Union europ\u00e9enne et par le Conseil de l&rsquo;Europe comme le repr\u00e9sentant l\u00e9gitime des journalistes en Europe. Elle si\u00e8ge au comit\u00e9 de direction de la Conf\u00e9d\u00e9ration europ\u00e9enne des syndicats (CES). Elle est inscrite au registre de la transparence de l&rsquo;UE (n\u00b027471236588-39).<\/p>\n<p>La FEJ a son si\u00e8ge \u00e0 Bruxelles, en Belgique.<\/p>\n<p><strong>Cliquez sur les logos pour les t\u00e9l\u00e9charger en haute d\u00e9finition<\/strong><br \/>\n<a href=\"http:\/\/europeanjournalists.org\/wp-content\/uploads\/2014\/11\/EFJ-logo.jpg\"><br \/>\n<img loading=\"lazy\" decoding=\"async\" src=\"http:\/\/europeanjournalists.org\/wp-content\/uploads\/2014\/11\/EFJ-logo.jpg\" alt=\"EFJ Simple Logo\" width=\"150\" height=\"150\" \/><\/a><br \/>\n<a href=\"http:\/\/europeanjournalists.org\/wp-content\/uploads\/2014\/11\/LOGO-EN.jpg\"><br \/>\n<img loading=\"lazy\" decoding=\"async\" src=\"http:\/\/europeanjournalists.org\/wp-content\/uploads\/2014\/11\/LOGO-EN.jpg\" alt=\"EFJ Letter Logo\" width=\"250\" height=\"150\" \/><br \/>\n<\/a><\/p>\n","protected":false},"excerpt":{"rendered":"<p>La F\u00e9d\u00e9ration europ\u00e9enne des journalistes (FEJ) est la plus importante organisation de journalistes en Europe. Elle repr\u00e9sente plus de 320.000 journalistes \u00e0 travers 71\u00a0syndicats et associations dans 45 pays. La FEJ a \u00e9t\u00e9 cr\u00e9\u00e9e en 1994 dans le cadre de la constitution de la F\u00e9d\u00e9ration internationale des journalistes (FIJ) pour repr\u00e9senter les int\u00e9r\u00eats des syndicats et des associations de journalistes en Europe. Depuis f\u00e9vrier 2013, elle a acquis un statut juridique autonome pour devenir une association internationale sans but lucratif (AISBL, num\u00e9ro 0503.985.472) conform\u00e9ment \u00e0 la l\u00e9gislation belge. La FEJ se bat pour les droits sociaux et professionnels des journalistes&hellip;<\/p>\n","protected":false},"author":1,"featured_media":0,"parent":0,"menu_order":2,"comment_status":"open","ping_status":"closed","template":"","meta":{"footnotes":""},"class_list":["post-8","page","type-page","status-publish","hentry"],"_links":{"self":[{"href":"https:\/\/europeanjournalists.org\/fr\/wp-json\/wp\/v2\/pages\/8","targetHints":{"allow":["GET"]}}],"collection":[{"href":"https:\/\/europeanjournalists.org\/fr\/wp-json\/wp\/v2\/pages"}],"about":[{"href":"https:\/\/europeanjournalists.org\/fr\/wp-json\/wp\/v2\/types\/page"}],"author":[{"embeddable":true,"href":"https:\/\/europeanjournalists.org\/fr\/wp-json\/wp\/v2\/users\/1"}],"replies":[{"embeddable":true,"href":"https:\/\/europeanjournalists.org\/fr\/wp-json\/wp\/v2\/comments?post=8"}],"version-history":[{"count":7,"href":"https:\/\/europeanjournalists.org\/fr\/wp-json\/wp\/v2\/pages\/8\/revisions"}],"predecessor-version":[{"id":4545,"href":"https:\/\/europeanjournalists.org\/fr\/wp-json\/wp\/v2\/pages\/8\/revisions\/4545"}],"wp:attachment":[{"href":"https:\/\/europeanjournalists.org\/fr\/wp-json\/wp\/v2\/media?parent=8"}],"curies":[{"name":"wp","href":"https:\/\/api.w.org\/{rel}","templated":true}]}}