{"id":815,"date":"2014-11-10T12:19:58","date_gmt":"2014-11-10T11:19:58","guid":{"rendered":"http:\/\/e-f-j.eu\/?page_id=815"},"modified":"2019-07-31T12:23:09","modified_gmt":"2019-07-31T12:23:09","slug":"efj-newsletters","status":"publish","type":"page","link":"https:\/\/europeanjournalists.org\/fr\/news-2\/efj-newsletters\/","title":{"rendered":"EFJ Newsletter"},"content":{"rendered":"<p><a href=\"https:\/\/europeanjournalists.org\/de\/wp-content\/uploads\/sites\/3\/2019\/07\/Focus.jpg\"><img loading=\"lazy\" decoding=\"async\" class=\"size-full wp-image-2599 aligncenter\" src=\"https:\/\/europeanjournalists.org\/de\/wp-content\/uploads\/sites\/3\/2019\/07\/Focus.jpg\" alt=\"\" width=\"700\" height=\"317\" \/><\/a><\/p>\n<p>Des Nouvelles sur la situation de la libert\u00e9 de la presse en Europe et des rapports de notre travail syndical. Pour des informations r\u00e9guli\u00e8res, nous vous proposons une newsletter en anglais, \u00e0 laquelle vous pouvez vous abonner ici:<\/p>\n<p class=\"wpcf7-contact-form-not-found\"><strong>Erreur\u00a0:<\/strong> Formulaire de contact non trouv\u00e9\u00a0!<\/p>\n<p>Dans nos <strong><a href=\"http:\/\/us6.campaign-archive.com\/home\/?u=312d2086b1b5654e5e6957dd9&amp;id=0f374bdb90\">archives<\/a><\/strong> vous trouverez les newsletters des derniers mois.<\/p>\n","protected":false},"excerpt":{"rendered":"<p>Des Nouvelles sur la situation de la libert\u00e9 de la presse en Europe et des rapports de notre travail syndical. Pour des informations r\u00e9guli\u00e8res, nous vous proposons une newsletter en anglais, \u00e0 laquelle vous pouvez vous abonner ici: Dans nos archives vous trouverez les newsletters des derniers mois.<\/p>\n","protected":false},"author":1,"featured_media":0,"parent":809,"menu_order":3,"comment_status":"open","ping_status":"closed","template":"","meta":{"footnotes":""},"class_list":["post-815","page","type-page","status-publish","hentry"],"_links":{"self":[{"href":"https:\/\/europeanjournalists.org\/fr\/wp-json\/wp\/v2\/pages\/815","targetHints":{"allow":["GET"]}}],"collection":[{"href":"https:\/\/europeanjournalists.org\/fr\/wp-json\/wp\/v2\/pages"}],"about":[{"href":"https:\/\/europeanjournalists.org\/fr\/wp-json\/wp\/v2\/types\/page"}],"author":[{"embeddable":true,"href":"https:\/\/europeanjournalists.org\/fr\/wp-json\/wp\/v2\/users\/1"}],"replies":[{"embeddable":true,"href":"https:\/\/europeanjournalists.org\/fr\/wp-json\/wp\/v2\/comments?post=815"}],"version-history":[{"count":8,"href":"https:\/\/europeanjournalists.org\/fr\/wp-json\/wp\/v2\/pages\/815\/revisions"}],"predecessor-version":[{"id":4598,"href":"https:\/\/europeanjournalists.org\/fr\/wp-json\/wp\/v2\/pages\/815\/revisions\/4598"}],"up":[{"embeddable":true,"href":"https:\/\/europeanjournalists.org\/fr\/wp-json\/wp\/v2\/pages\/809"}],"wp:attachment":[{"href":"https:\/\/europeanjournalists.org\/fr\/wp-json\/wp\/v2\/media?parent=815"}],"curies":[{"name":"wp","href":"https:\/\/api.w.org\/{rel}","templated":true}]}}