{"id":98,"date":"2014-09-23T15:02:07","date_gmt":"2014-09-23T13:02:07","guid":{"rendered":"http:\/\/e-f-j.eu\/?page_id=98"},"modified":"2019-08-02T07:49:51","modified_gmt":"2019-08-02T07:49:51","slug":"freelance","status":"publish","type":"page","link":"https:\/\/europeanjournalists.org\/fr\/policy\/freelance\/","title":{"rendered":"Droits des freelance"},"content":{"rendered":"<p>Le journalisme ind\u00e9pendant n\u2019est plus une forme atypique de travail. Dans de nombreux pays, la majorit\u00e9 des journalistes sont ind\u00e9pendants. Ils sont nombreux \u00e0 pr\u00e9f\u00e9rer l\u2019emploi traditionnel et \u00e0 \u00eatre contraints de travailler sous un statut non reconnu de \u00ab\u00a0faux ind\u00e9pendant\u00a0\u00bb, position qui permet aux employeurs d\u2019enfreindre les r\u00e8gles locales sur l&#8217;emploi en utilisant des \u00ab\u00a0freelance\u00a0\u00bb pour occuper des postes \u00e0 temps-plein tout en \u00e9vitant les charges sociales .<\/p>\n<p>Certains appr\u00e9cient la libert\u00e9, la vari\u00e9t\u00e9 et la flexibilit\u00e9 offertes par le statut d\u2019ind\u00e9pendant et estiment qu\u2019il est un mode de travail plus naturel pour les journalistes. Le d\u00e9fi de l\u2019avenir du travail ind\u00e9pendant est un test pour les syndicats de journalistes en Europe et dans le monde.<\/p>\n<p>Les contrats, les cotisations, la formation, les droits d&rsquo;auteur et la d\u00e9ontologie sont toutes des questions-cl\u00e9s pour la communaut\u00e9 des journalistes \u00ab\u00a0freelance\u00a0\u00bb.<\/p>\n<p>La F\u00e9d\u00e9ration Europ\u00e9enne des Journalistes (FEJ), le Groupe d\u2019Experts pour les Droits d\u2019Auteurs (AREG) et le Groupe d\u2019Experts sur les Freelance (FREG) d\u00e9fendent \u00a0les droits des ind\u00e9pendants. Nous exposons \u00e0 leurs coll\u00e8gues salari\u00e9s : pour d\u00e9fendre vos droits et vos conditions de travail, rien n\u2019est plus efficace que la promotion d\u2019une meilleure protection des ind\u00e9pendants.<\/p>\n<p>Ces prochaines ann\u00e9es, le Groupe d\u2019Experts (FREG) se basera sur le plan d\u2019action de la FEJ. En voici les \u00e9l\u00e9ments-clefs\u00a0:<\/p>\n<ul>\n<li>Relancer la <a href=\"http:\/\/europeanjournalists.org\/blog\/2005\/04\/10\/charter-of-freelance-rights\/\">Charte des droits du Journalisme ind\u00e9pendant<\/a> et la promouvoir \u00e0 des niveaux national et europ\u00e9en;<\/li>\n<li>Organiser de nouveaux webinaires (s\u00e9minaires sur le web) sur les probl\u00e8mes importants pour des freelances europ\u00e9ens\u00a0;<\/li>\n<li>Organiser des s\u00e9minaires de formation, notamment sur la s\u00e9curit\u00e9, avec l&rsquo;aide du secr\u00e9tariat de la FEJ, si des fonds sont disponibles ;<\/li>\n<li>R\u00e9colter des informations sur les nouveaux modes de paiement du journalisme ind\u00e9pendant ;<\/li>\n<li>Surveiller la l\u00e9gislation de l&rsquo;UE, plaider pour une protection des conditions de travail des ind\u00e9pendants, ainsi que des salaires d\u00e9cents et le droit des freelance \u00e0 s&rsquo;organiser en syndicats ;<\/li>\n<li>Soutenir la campagne de la FEJ sur les contrats injustes;<\/li>\n<li>Envisager le recrutement des journalistes ind\u00e9pendants par les m\u00e9dias comme un angle important des discussions (projet de cartographie);<\/li>\n<li>Soutenir les syndicats et l\u2019apport \u00e0 leurs membres ind\u00e9pendants notamment dans le Sud-Est de l\u2019Europe<\/li>\n<\/ul>\n<p>La FREG coop\u00e8re \u00e9troitement avec l\u2019AREG et la LAREG dans ses activit\u00e9s.<\/p>\n<p>&nbsp;<\/p>\n<p><a class=\"button is-grey\">Groupe d\u2019Experts sur les Freelance (FREG):<\/a><\/p>\n<p><b>Co-Pr\u00e9sident<\/b><br \/>\n<b>Co-Pr\u00e9sident<\/b><\/p>\n<p>Oddrun Midtb\u00f8 (Norv\u00e8ge)<br \/>\nPablo Aiquel (France)<br \/>\nRenske Heddema (Pays-Bas)<br \/>\nCharlotte Michils (Belgique)<br \/>\nHelle Tiikmaa (Estonie)<br \/>\nSus Falch (Danemark)<br \/>\nMichele Catanzaro (Espagne)<br \/>\nMarcelo Ortega (Espagne)<br \/>\nLars Hansen (Allemagne)<br \/>\nMichael Hirschler (Allemagne)<br \/>\nJoachim Kreibich (Allemagne)<br \/>\nJudith Reitst\u00e4tter (Autriche)<br \/>\nPaula Sofia Luz (Portugal)<br \/>\nHannu Hallamaa (Finland)<br \/>\nMaria Markus (Finland)<br \/>\nMattia Motta (Italie)<br \/>\nSophie Lejoly (Belgique)<br \/>\nMuharem Bazdulj (Serbie)<br \/>\nKatarina Bj\u00e4rvall (Su\u00e8de)<br \/>\nGert Lundstedt (Su\u00e8de) (r\u00e9serve)<br \/>\nPamela Morton (royaume-uni)<\/p>\n<p>&nbsp;<\/p>\n<p><strong>EFJ contact<\/strong> Renate Schroeder<br \/>\nDirector<br \/>\nrenate.schroeder(at)ifj(dot)org<br \/>\n+ 32 (0)2 235 22 02<\/p>\n","protected":false},"excerpt":{"rendered":"<p>Le journalisme ind\u00e9pendant n\u2019est plus une forme atypique de travail. Dans de nombreux pays, la majorit\u00e9 des journalistes sont ind\u00e9pendants. Ils sont nombreux \u00e0 pr\u00e9f\u00e9rer l\u2019emploi traditionnel et \u00e0 \u00eatre contraints de travailler sous un statut non reconnu de \u00ab\u00a0faux ind\u00e9pendant\u00a0\u00bb, position qui permet aux employeurs d\u2019enfreindre les r\u00e8gles locales sur l&#8217;emploi en utilisant des \u00ab\u00a0freelance\u00a0\u00bb pour occuper des postes \u00e0 temps-plein tout en \u00e9vitant les charges sociales . Certains appr\u00e9cient la libert\u00e9, la vari\u00e9t\u00e9 et la flexibilit\u00e9 offertes par le statut d\u2019ind\u00e9pendant et estiment qu\u2019il est un mode de travail plus naturel pour les journalistes. Le d\u00e9fi de l\u2019avenir&hellip;<\/p>\n","protected":false},"author":1,"featured_media":0,"parent":15,"menu_order":5,"comment_status":"open","ping_status":"open","template":"page-no-sidebar.php","meta":{"footnotes":""},"class_list":["post-98","page","type-page","status-publish","hentry"],"_links":{"self":[{"href":"https:\/\/europeanjournalists.org\/fr\/wp-json\/wp\/v2\/pages\/98","targetHints":{"allow":["GET"]}}],"collection":[{"href":"https:\/\/europeanjournalists.org\/fr\/wp-json\/wp\/v2\/pages"}],"about":[{"href":"https:\/\/europeanjournalists.org\/fr\/wp-json\/wp\/v2\/types\/page"}],"author":[{"embeddable":true,"href":"https:\/\/europeanjournalists.org\/fr\/wp-json\/wp\/v2\/users\/1"}],"replies":[{"embeddable":true,"href":"https:\/\/europeanjournalists.org\/fr\/wp-json\/wp\/v2\/comments?post=98"}],"version-history":[{"count":7,"href":"https:\/\/europeanjournalists.org\/fr\/wp-json\/wp\/v2\/pages\/98\/revisions"}],"predecessor-version":[{"id":4600,"href":"https:\/\/europeanjournalists.org\/fr\/wp-json\/wp\/v2\/pages\/98\/revisions\/4600"}],"up":[{"embeddable":true,"href":"https:\/\/europeanjournalists.org\/fr\/wp-json\/wp\/v2\/pages\/15"}],"wp:attachment":[{"href":"https:\/\/europeanjournalists.org\/fr\/wp-json\/wp\/v2\/media?parent=98"}],"curies":[{"name":"wp","href":"https:\/\/api.w.org\/{rel}","templated":true}]}}